{"id":1191,"date":"2013-09-28T19:20:36","date_gmt":"2013-09-28T19:20:36","guid":{"rendered":"http:\/\/centervol.es\/?page_id=1191"},"modified":"2014-06-28T18:11:50","modified_gmt":"2014-06-28T18:11:50","slug":"vivere-in-costa-brava","status":"publish","type":"page","link":"https:\/\/centervol.es\/it\/vivere-in-costa-brava\/","title":{"rendered":"VIVERE IN COSTA BRAVA"},"content":{"rendered":"<p>\n    <div id=\"amazingslider-1\" style=\"display:block;position:relative;margin:16px auto 86px;\">\n        <ul class=\"amazingslider-slides\" style=\"display:none;\">\n            <li><img src=\"http:\/\/centervol.es\/wp-content\/uploads\/amazingslider\/1\/images\/01.jpg\" alt=\"01\" \/><\/li>\n            <li><img src=\"http:\/\/centervol.es\/wp-content\/uploads\/amazingslider\/1\/images\/02.jpg\" alt=\"02\" \/><\/li>\n            <li><img src=\"http:\/\/centervol.es\/wp-content\/uploads\/amazingslider\/1\/images\/03.jpg\" alt=\"03\" \/><\/li>\n            <li><img src=\"http:\/\/centervol.es\/wp-content\/uploads\/amazingslider\/1\/images\/04.jpg\" alt=\"04\" \/><\/li>\n            <li><img src=\"http:\/\/centervol.es\/wp-content\/uploads\/amazingslider\/1\/images\/05.jpg\" alt=\"05\" \/><\/li>\n            <li><img src=\"http:\/\/centervol.es\/wp-content\/uploads\/amazingslider\/1\/images\/06.jpg\" alt=\"06\" \/><\/li>\n            <li><img src=\"http:\/\/centervol.es\/wp-content\/uploads\/amazingslider\/1\/images\/07.jpg\" alt=\"07\" \/><\/li>\n            <li><img src=\"http:\/\/centervol.es\/wp-content\/uploads\/amazingslider\/1\/images\/08.jpg\" alt=\"08\" \/><\/li>\n            <li><img src=\"http:\/\/centervol.es\/wp-content\/uploads\/amazingslider\/1\/images\/09.jpg\" alt=\"09\" \/><\/li>\n            <li><img src=\"http:\/\/centervol.es\/wp-content\/uploads\/amazingslider\/1\/images\/10.jpg\" alt=\"10\" \/><\/li>\n            <li><img src=\"http:\/\/centervol.es\/wp-content\/uploads\/amazingslider\/1\/images\/11.jpg\" alt=\"11\" \/><\/li>\n            <li><img src=\"http:\/\/centervol.es\/wp-content\/uploads\/amazingslider\/1\/images\/12.jpg\" alt=\"12\" \/><\/li>\n            <li><img src=\"http:\/\/centervol.es\/wp-content\/uploads\/amazingslider\/1\/images\/13.jpg\" alt=\"13\" \/><\/li>\n            <li><img src=\"http:\/\/centervol.es\/wp-content\/uploads\/amazingslider\/1\/images\/14.jpg\" alt=\"14\" \/><\/li>\n            <li><img src=\"http:\/\/centervol.es\/wp-content\/uploads\/amazingslider\/1\/images\/Vivir-en-CB.jpg\" alt=\"vivir-en-costa-brava\" \/><\/li>\n        <\/ul>\n        <ul class=\"amazingslider-thumbnails\" style=\"display:none;\">\n            <li><img src=\"http:\/\/centervol.es\/wp-content\/uploads\/amazingslider\/1\/images\/thumbnails\/01-tn.jpg\" \/><\/li>\n            <li><img src=\"http:\/\/centervol.es\/wp-content\/uploads\/amazingslider\/1\/images\/thumbnails\/02-tn.jpg\" \/><\/li>\n            <li><img src=\"http:\/\/centervol.es\/wp-content\/uploads\/amazingslider\/1\/images\/thumbnails\/03-tn.jpg\" \/><\/li>\n            <li><img src=\"http:\/\/centervol.es\/wp-content\/uploads\/amazingslider\/1\/images\/thumbnails\/04-tn.jpg\" \/><\/li>\n            <li><img src=\"http:\/\/centervol.es\/wp-content\/uploads\/amazingslider\/1\/images\/thumbnails\/05-tn.jpg\" \/><\/li>\n            <li><img src=\"http:\/\/centervol.es\/wp-content\/uploads\/amazingslider\/1\/images\/thumbnails\/06-tn.jpg\" \/><\/li>\n            <li><img src=\"http:\/\/centervol.es\/wp-content\/uploads\/amazingslider\/1\/images\/thumbnails\/07-tn.jpg\" \/><\/li>\n            <li><img src=\"http:\/\/centervol.es\/wp-content\/uploads\/amazingslider\/1\/images\/thumbnails\/08-tn.jpg\" \/><\/li>\n            <li><img src=\"http:\/\/centervol.es\/wp-content\/uploads\/amazingslider\/1\/images\/thumbnails\/09-tn.jpg\" \/><\/li>\n            <li><img src=\"http:\/\/centervol.es\/wp-content\/uploads\/amazingslider\/1\/images\/thumbnails\/10-tn.jpg\" \/><\/li>\n            <li><img src=\"http:\/\/centervol.es\/wp-content\/uploads\/amazingslider\/1\/images\/thumbnails\/11-tn.jpg\" \/><\/li>\n            <li><img src=\"http:\/\/centervol.es\/wp-content\/uploads\/amazingslider\/1\/images\/thumbnails\/12-tn.jpg\" \/><\/li>\n            <li><img src=\"http:\/\/centervol.es\/wp-content\/uploads\/amazingslider\/1\/images\/thumbnails\/13-tn.jpg\" \/><\/li>\n            <li><img src=\"http:\/\/centervol.es\/wp-content\/uploads\/amazingslider\/1\/images\/thumbnails\/14-tn.jpg\" \/><\/li>\n            <li><img src=\"http:\/\/centervol.es\/wp-content\/uploads\/amazingslider\/1\/images\/thumbnails\/Vivir-en-CB-tn.jpg\" \/><\/li>\n        <\/ul>\n        <div class=\"amazingslider-engine\" style=\"display:none;\"><a href=\"http:\/\/amazingslider.com\">JavaScript Slider<\/a><\/div>\n        <div class=\"amazingslider-engine\" style=\"display:none;\"><a href=\"http:\/\/amazingslider.com\">WordPress Slideshow<\/a><\/div>\n    <\/div>\n    <script src=\"https:\/\/centervol.es\/wp-content\/uploads\/amazingslider\/1\/sliderengine\/initslider.js\"><\/script>\n<br \/>\n&nbsp;<\/p>\n<div class=\"texto_pagina_sin\">\n<p class=\"texto_interior\">Vivere in  Girona e la Costa Brava \u00e8 di avere il privilegio di godere di una delle pi\u00f9 belle del mondo, tra i confini fissati dal Mediterraneo ei Pirenei.  Il tempo \u00e8 un altro fattore fondamentale: 16 \u00b0 di temperatura media annua, con precipitazioni moderate, e 300 giorni di sole l&#8217;anno, ideale per garantire lo sviluppo continuo del corso.<\/p>\n<p class=\"texto_interior\">E quando hai un po &#8216;pi\u00f9 tempo libero avrai molto di piu.  I 200 chilometri di costa sono famosi per le alte scogliere, piccole calette e spiagge di sabbia grossolana attirano ogni anno milioni di visitatori. Ma Girona non \u00e8 solo spiaggia, ma anche montagna.<\/p>\n<p class=\"texto_interior\">Oltre le montagne dei Pirenei ci sono paesaggi davvero unici, grandi parchi e la possibilit\u00e0 di sport d&#8217;avventura e invernali, come lo sci.<\/p>\n<\/div>\n<div class=\"texto_pagina_sin\">\n<p class=\"texto_interior\">Volete mangiare bene? Questo \u00e8 il posto ideale. La passione per la cucina \u00e8 vissuta in ogni angolo e il cibo qui ha lanciato una delle pi\u00f9 celebri rivoluzioni, a partire Ferran Adri\u00e1 e Celler di Can Roca. Non \u00e8 un caso che i ristoranti a Girona si accumulano pi\u00f9 di 20 stelle Michelin.<\/p>\n<p class=\"texto_interior\">Hai bisogno di pi\u00f9 cultura, ancora? Girona \u00e8 la culla di antiche civilt\u00e0, a partire da Roma. In questa terra, inoltre \u00e8 cresciuto uno dei pi\u00f9 importanti artisti del XX secolo, Salvador Dali, il cui lavoro brillante si pu\u00f2 vedere nel suo museo di Figueres.<\/p>\n<p class=\"texto_interior\">E per gli amanti del motorsport, vicino l&#8217;aeroporto c&#8217;\u00e8 il circuito di Montmel\u00f2, un must per gli appassionati di Formula 1 e motociclismo mondiale. E se tutto questo non \u00e8 sufficiente, non dobbiamo dimenticare di Barcellona, una delle citt\u00e0 europee con proiezione pi\u00f9 globale e che dista solo un&#8217;ora di macchina o in treno.<\/p>\n<\/div>\n<p><br class=\"romper\" \/><\/p>\n<p><a href=\"https:\/\/centervol.es\/it\/#contatti\"><\/p>\n<p style=\"text-align: center;\">Per qualsiasi domanda o bisogno di trasferimento o di alloggio nella zona,<br \/>\nnon esitate a contattarci!<\/p>\n<p><\/a><\/p>\n","protected":false},"excerpt":{"rendered":"<p>&nbsp; Vivere in Girona e la Costa Brava \u00e8 di avere il privilegio di godere di una delle pi\u00f9 belle del mondo, tra i confini fissati dal Mediterraneo ei Pirenei. Il tempo \u00e8 un altro fattore fondamentale: 16 \u00b0 di temperatura media annua, con precipitazioni moderate, e 300 giorni di sole l&#8217;anno, ideale per garantire [&hellip;]<\/p>\n","protected":false},"author":1,"featured_media":0,"parent":0,"menu_order":0,"comment_status":"closed","ping_status":"closed","template":"","meta":{"_locale":"it_IT","_original_post":"351"},"acf":[],"yoast_head":"<!-- This site is optimized with the Yoast SEO plugin v17.0 - https:\/\/yoast.com\/wordpress\/plugins\/seo\/ -->\n<meta name=\"robots\" content=\"index, follow, max-snippet:-1, max-image-preview:large, max-video-preview:-1\" \/>\n<link rel=\"canonical\" href=\"https:\/\/centervol.es\/it\/vivere-in-costa-brava\/\" \/>\n<meta property=\"og:locale\" content=\"it_IT\" \/>\n<meta property=\"og:type\" content=\"article\" \/>\n<meta property=\"og:title\" content=\"VIVERE IN COSTA BRAVA - Centervol\" \/>\n<meta property=\"og:description\" content=\"&nbsp; Vivere in Girona e la Costa Brava \u00e8 di avere il privilegio di godere di una delle pi\u00f9 belle del mondo, tra i confini fissati dal Mediterraneo ei Pirenei. Il tempo \u00e8 un altro fattore fondamentale: 16 \u00b0 di temperatura media annua, con precipitazioni moderate, e 300 giorni di sole l&#8217;anno, ideale per garantire [&hellip;]\" \/>\n<meta property=\"og:url\" content=\"https:\/\/centervol.es\/it\/vivere-in-costa-brava\/\" \/>\n<meta property=\"og:site_name\" content=\"Centervol\" \/>\n<meta property=\"article:publisher\" content=\"https:\/\/www.facebook.com\/centervol.escueladepilotoshelicoptero?fref=ts\" \/>\n<meta property=\"article:modified_time\" content=\"2014-06-28T18:11:50+00:00\" \/>\n<meta name=\"twitter:label1\" content=\"Tempo di lettura stimato\" \/>\n\t<meta name=\"twitter:data1\" content=\"1 minuto\" \/>\n<script type=\"application\/ld+json\" class=\"yoast-schema-graph\">{\"@context\":\"https:\/\/schema.org\",\"@graph\":[{\"@type\":\"WebSite\",\"@id\":\"https:\/\/centervol.es\/#website\",\"url\":\"https:\/\/centervol.es\/\",\"name\":\"Centervol\",\"description\":\"Tu servicio FBO\",\"potentialAction\":[{\"@type\":\"SearchAction\",\"target\":{\"@type\":\"EntryPoint\",\"urlTemplate\":\"https:\/\/centervol.es\/?s={search_term_string}\"},\"query-input\":\"required name=search_term_string\"}],\"inLanguage\":\"it-IT\"},{\"@type\":\"WebPage\",\"@id\":\"https:\/\/centervol.es\/it\/vivere-in-costa-brava\/#webpage\",\"url\":\"https:\/\/centervol.es\/it\/vivere-in-costa-brava\/\",\"name\":\"VIVERE IN COSTA BRAVA - Centervol\",\"isPartOf\":{\"@id\":\"https:\/\/centervol.es\/#website\"},\"datePublished\":\"2013-09-28T19:20:36+00:00\",\"dateModified\":\"2014-06-28T18:11:50+00:00\",\"breadcrumb\":{\"@id\":\"https:\/\/centervol.es\/it\/vivere-in-costa-brava\/#breadcrumb\"},\"inLanguage\":\"it-IT\",\"potentialAction\":[{\"@type\":\"ReadAction\",\"target\":[\"https:\/\/centervol.es\/it\/vivere-in-costa-brava\/\"]}]},{\"@type\":\"BreadcrumbList\",\"@id\":\"https:\/\/centervol.es\/it\/vivere-in-costa-brava\/#breadcrumb\",\"itemListElement\":[{\"@type\":\"ListItem\",\"position\":1,\"name\":\"VIVERE IN COSTA BRAVA\"}]}]}<\/script>\n<!-- \/ Yoast SEO plugin. -->","yoast_head_json":{"robots":{"index":"index","follow":"follow","max-snippet":"max-snippet:-1","max-image-preview":"max-image-preview:large","max-video-preview":"max-video-preview:-1"},"canonical":"https:\/\/centervol.es\/it\/vivere-in-costa-brava\/","og_locale":"it_IT","og_type":"article","og_title":"VIVERE IN COSTA BRAVA - Centervol","og_description":"&nbsp; Vivere in Girona e la Costa Brava \u00e8 di avere il privilegio di godere di una delle pi\u00f9 belle del mondo, tra i confini fissati dal Mediterraneo ei Pirenei. Il tempo \u00e8 un altro fattore fondamentale: 16 \u00b0 di temperatura media annua, con precipitazioni moderate, e 300 giorni di sole l&#8217;anno, ideale per garantire [&hellip;]","og_url":"https:\/\/centervol.es\/it\/vivere-in-costa-brava\/","og_site_name":"Centervol","article_publisher":"https:\/\/www.facebook.com\/centervol.escueladepilotoshelicoptero?fref=ts","article_modified_time":"2014-06-28T18:11:50+00:00","twitter_misc":{"Tempo di lettura stimato":"1 minuto"},"schema":{"@context":"https:\/\/schema.org","@graph":[{"@type":"WebSite","@id":"https:\/\/centervol.es\/#website","url":"https:\/\/centervol.es\/","name":"Centervol","description":"Tu servicio FBO","potentialAction":[{"@type":"SearchAction","target":{"@type":"EntryPoint","urlTemplate":"https:\/\/centervol.es\/?s={search_term_string}"},"query-input":"required name=search_term_string"}],"inLanguage":"it-IT"},{"@type":"WebPage","@id":"https:\/\/centervol.es\/it\/vivere-in-costa-brava\/#webpage","url":"https:\/\/centervol.es\/it\/vivere-in-costa-brava\/","name":"VIVERE IN COSTA BRAVA - Centervol","isPartOf":{"@id":"https:\/\/centervol.es\/#website"},"datePublished":"2013-09-28T19:20:36+00:00","dateModified":"2014-06-28T18:11:50+00:00","breadcrumb":{"@id":"https:\/\/centervol.es\/it\/vivere-in-costa-brava\/#breadcrumb"},"inLanguage":"it-IT","potentialAction":[{"@type":"ReadAction","target":["https:\/\/centervol.es\/it\/vivere-in-costa-brava\/"]}]},{"@type":"BreadcrumbList","@id":"https:\/\/centervol.es\/it\/vivere-in-costa-brava\/#breadcrumb","itemListElement":[{"@type":"ListItem","position":1,"name":"VIVERE IN COSTA BRAVA"}]}]}},"_links":{"self":[{"href":"https:\/\/centervol.es\/wp-json\/wp\/v2\/pages\/1191"}],"collection":[{"href":"https:\/\/centervol.es\/wp-json\/wp\/v2\/pages"}],"about":[{"href":"https:\/\/centervol.es\/wp-json\/wp\/v2\/types\/page"}],"author":[{"embeddable":true,"href":"https:\/\/centervol.es\/wp-json\/wp\/v2\/users\/1"}],"replies":[{"embeddable":true,"href":"https:\/\/centervol.es\/wp-json\/wp\/v2\/comments?post=1191"}],"version-history":[{"count":9,"href":"https:\/\/centervol.es\/wp-json\/wp\/v2\/pages\/1191\/revisions"}],"predecessor-version":[{"id":1806,"href":"https:\/\/centervol.es\/wp-json\/wp\/v2\/pages\/1191\/revisions\/1806"}],"wp:attachment":[{"href":"https:\/\/centervol.es\/wp-json\/wp\/v2\/media?parent=1191"}],"curies":[{"name":"wp","href":"https:\/\/api.w.org\/{rel}","templated":true}]}}