{"id":1177,"date":"2013-09-28T19:05:03","date_gmt":"2013-09-28T19:05:03","guid":{"rendered":"http:\/\/centervol.es\/?page_id=1177"},"modified":"2020-10-21T07:58:38","modified_gmt":"2020-10-21T07:58:38","slug":"facilities-fleet","status":"publish","type":"page","link":"https:\/\/centervol.es\/en\/facilities-fleet\/","title":{"rendered":"Facilities"},"content":{"rendered":"<div style=\"float: left; width: 49%;\">\n<p style=\"text-align: justify; margin: 10px 0px 0px 0px;\">En Centervol contamos con unas amplias instalaciones propias, de 2000m2 de extensi\u00f3n, a pie de pista en el Aeropuerto Internacional de Girona \u2013 Costa Brava desde 1991.<\/p>\n<p>Para ofrecer la m\u00e1xima garant\u00eda y calidad de servicio a nuestros alumnos y clientes, hemos renovado las instalaciones recientemente, incluyendo dentro del complejo todas las comodidades necesarias para llevar a cabo el d\u00eda a d\u00eda de la forma m\u00e1s \u00f3ptima:<\/p>\n<p>Aulas espaciosas con vistas a la pista, cocina, comedor, ba\u00f1os y vestuarios con ducha, jardines exteriores, amplio aparcamiento, recepci\u00f3n, despachos, sala de reuniones, sala de briefing y planes de vuelo, sala de operaciones, zonas de ocio y descanso interiores y exteriores.<\/p>\n<p>Adem\u00e1s, contamos con un amplio hangar de mantenimiento de aeronaves EASA Part 145, y de servicios de handling en amplias y modernas instalaciones donde pilotos y clientes encontrar\u00e1n el m\u00e1ximo confort.<\/p>\n<\/div>\n<div style=\"width: 2%; float: left;\"><\/div>\n<div style=\"float: left; width: 49%;\"><\/div>\n<div style=\"width: 100%; height: 35px; float: left;\"><\/div>\n<div style=\"width: 100%;\">\n<div style=\"width: 49%; float: left;\">\n<div class=\"img-frame\" style=\"width: 100%;\">\n<div class=\"image-wrapper\"><a class=\"img-preview\" title=\"ROBINSON R22\" href=\"https:\/\/centervol.es\/wp-content\/uploads\/2013\/04\/flota\/7.jpg\"><br \/>\n<img class=\"scale-with-grid\" src=\"https:\/\/centervol.es\/wp-content\/uploads\/2013\/04\/flota\/7.jpg\" alt=\"ROBINSON R22.\" \/><\/a><\/p>\n<div class=\"mouse-effect\" style=\"opacity: 0;\"><\/div>\n<p><span class=\"extra-links\" style=\"top: -50%;\"><br \/>\n<a class=\"go-link hide-text\" href=\"https:\/\/centervol.es\/wp-content\/uploads\/2013\/04\/flota\/7.jpg\">View Details<\/a><br \/>\n<\/span><\/p>\n<\/div>\n<div style=\"width: 100%;\">\n<div style=\"width: 95%; float: left;\">\n<h5>ROBINSON R22<\/h5>\n<\/div>\n<div style=\"width: 5%; float: left; padding-top: 12px;\"><a title=\"ROBINSON R22\" href=\"https:\/\/centervol.es\/wp-content\/uploads\/2013\/04\/flota\/7.jpg\"><img loading=\"lazy\" style=\"top: 50px;\" src=\"https:\/\/centervol.es\/wp-content\/uploads\/2013\/04\/readmore.png\" alt=\"ROBINSON R22\" width=\"20px\" height=\"20px\" \/><\/a><\/div>\n<\/div>\n<div style=\"width: 100%; height: 35px;\"><\/div>\n<\/div>\n<\/div>\n<div style=\"width: 2%; float: left;\"><\/div>\n<div style=\"width: 49%; float: left;\">\n<div class=\"img-frame\" style=\"width: 100%;\">\n<div class=\"image-wrapper\"><a class=\"img-preview\" title=\"ROBINSON R44\" href=\"https:\/\/centervol.es\/wp-content\/uploads\/2013\/04\/flota\/8.jpg\"><br \/>\n<img class=\"scale-with-grid\" src=\"https:\/\/centervol.es\/wp-content\/uploads\/2013\/04\/flota\/8.jpg\" alt=\"ROBINSON R44\" \/><\/a><\/p>\n<div class=\"mouse-effect\" style=\"opacity: 0;\"><\/div>\n<p><span class=\"extra-links\" style=\"top: -50%;\"><br \/>\n<a class=\"go-link hide-text\" href=\"https:\/\/centervol.es\/wp-content\/uploads\/2013\/04\/flota\/8.jpg\">View Details<\/a><br \/>\n<\/span><\/p>\n<\/div>\n<div style=\"width: 100%;\">\n<div style=\"width: 95%; float: left;\">\n<h5>ROBINSON R44<\/h5>\n<\/div>\n<div style=\"width: 5%; float: left; padding-top: 12px;\"><a title=\"ROBINSON R44\" href=\"https:\/\/centervol.es\/wp-content\/uploads\/2013\/04\/flota\/8.jpg\"><img loading=\"lazy\" style=\"top: 50px;\" src=\"https:\/\/centervol.es\/wp-content\/uploads\/2013\/04\/readmore.png\" alt=\"ROBINSON R44\" width=\"20px\" height=\"20px\" \/><\/a><\/div>\n<\/div>\n<div style=\"width: 100%; height: 35px;\"><\/div>\n<\/div>\n<\/div>\n<div style=\"width: 100%; height: 25px; float: left;\"><\/div>\n<div style=\"width: 49%; float: left;\">\n<div class=\"img-frame\" style=\"width: 100%;\">\n<div class=\"image-wrapper\"><a class=\"img-preview\" title=\"Flota\" href=\"https:\/\/centervol.es\/wp-content\/uploads\/2013\/04\/flota\/1.jpg\"><br \/>\n<img class=\"scale-with-grid\" src=\"https:\/\/centervol.es\/wp-content\/uploads\/2013\/04\/flota\/1.jpg\" alt=\"Flota\" \/><\/a><\/p>\n<div class=\"mouse-effect\" style=\"opacity: 0;\"><\/div>\n<p><span class=\"extra-links\" style=\"top: -50%;\"><br \/>\n<a class=\"go-link hide-text\" href=\"https:\/\/centervol.es\/wp-content\/uploads\/2013\/04\/flota\/1.jpg\">View Details<\/a><br \/>\n<\/span><\/p>\n<\/div>\n<div style=\"width: 100%;\">\n<div style=\"width: 95%; float: left;\">\n<h5>AUGUSTA A109<\/h5>\n<\/div>\n<div style=\"width: 5%; float: left; padding-top: 12px;\"><a title=\"AUGUSTA A109\" href=\"https:\/\/centervol.es\/wp-content\/uploads\/2013\/04\/flota\/1.jpg\"><img loading=\"lazy\" style=\"top: 50px;\" src=\"https:\/\/centervol.es\/wp-content\/uploads\/2013\/04\/readmore.png\" alt=\"AUGUSTA A109\" width=\"20px\" height=\"20px\" \/><\/a><\/div>\n<\/div>\n<div style=\"width: 100%; height: 35px;\"><\/div>\n<\/div>\n<\/div>\n<div style=\"width: 2%; float: left;\"><\/div>\n<div style=\"width: 49%; float: left;\">\n<div class=\"img-frame\" style=\"width: 100%;\">\n<div class=\"image-wrapper\"><a class=\"img-preview\" title=\"Flota\" href=\"https:\/\/centervol.es\/wp-content\/uploads\/2013\/04\/flota\/3.jpg\"><br \/>\n<img class=\"scale-with-grid\" src=\"https:\/\/centervol.es\/wp-content\/uploads\/2013\/04\/flota\/3.jpg\" alt=\"Flota\" \/><\/a><\/p>\n<div class=\"mouse-effect\" style=\"opacity: 0;\"><\/div>\n<p><span class=\"extra-links\" style=\"top: -50%;\"><br \/>\n<a class=\"go-link hide-text\" href=\"https:\/\/centervol.es\/wp-content\/uploads\/2013\/04\/flota\/3.jpg\">View Details<\/a><br \/>\n<\/span><\/p>\n<\/div>\n<div style=\"width: 100%;\">\n<div style=\"width: 95%; float: left;\">\n<h5>ECUREUIL AS350<\/h5>\n<\/div>\n<div style=\"width: 5%; float: left; padding-top: 12px;\"><a title=\"ECUREUIL AS350\" href=\"https:\/\/centervol.es\/wp-content\/uploads\/2013\/04\/flota\/3.jpg\"><img loading=\"lazy\" style=\"top: 50px;\" src=\"https:\/\/centervol.es\/wp-content\/uploads\/2013\/04\/readmore.png\" alt=\"ECUREUIL AS350\" width=\"20px\" height=\"20px\" \/><\/a><\/div>\n<\/div>\n<div style=\"width: 100%; height: 35px;\"><\/div>\n<\/div>\n<\/div>\n<\/div>\n","protected":false},"excerpt":{"rendered":"<p>En Centervol contamos con unas amplias instalaciones propias, de 2000m2 de extensi\u00f3n, a pie de pista en el Aeropuerto Internacional de Girona \u2013 Costa Brava desde 1991. Para ofrecer la m\u00e1xima garant\u00eda y calidad de servicio a nuestros alumnos y clientes, hemos renovado las instalaciones recientemente, incluyendo dentro del complejo todas las comodidades necesarias para [&hellip;]<\/p>\n","protected":false},"author":1,"featured_media":0,"parent":0,"menu_order":0,"comment_status":"closed","ping_status":"closed","template":"","meta":{"_locale":"en_US","_original_post":"350"},"acf":[],"yoast_head":"<!-- This site is optimized with the Yoast SEO plugin v17.0 - https:\/\/yoast.com\/wordpress\/plugins\/seo\/ -->\n<meta name=\"robots\" content=\"index, follow, max-snippet:-1, max-image-preview:large, max-video-preview:-1\" \/>\n<link rel=\"canonical\" href=\"https:\/\/centervol.es\/en\/facilities-fleet\/\" \/>\n<meta property=\"og:locale\" content=\"en_US\" \/>\n<meta property=\"og:type\" content=\"article\" \/>\n<meta property=\"og:title\" content=\"Facilities - Centervol\" \/>\n<meta property=\"og:description\" content=\"En Centervol contamos con unas amplias instalaciones propias, de 2000m2 de extensi\u00f3n, a pie de pista en el Aeropuerto Internacional de Girona \u2013 Costa Brava desde 1991. Para ofrecer la m\u00e1xima garant\u00eda y calidad de servicio a nuestros alumnos y clientes, hemos renovado las instalaciones recientemente, incluyendo dentro del complejo todas las comodidades necesarias para [&hellip;]\" \/>\n<meta property=\"og:url\" content=\"https:\/\/centervol.es\/en\/facilities-fleet\/\" \/>\n<meta property=\"og:site_name\" content=\"Centervol\" \/>\n<meta property=\"article:publisher\" content=\"https:\/\/www.facebook.com\/centervol.escueladepilotoshelicoptero?fref=ts\" \/>\n<meta property=\"article:modified_time\" content=\"2020-10-21T07:58:38+00:00\" \/>\n<meta property=\"og:image\" content=\"http:\/\/centervol.es\/wp-content\/uploads\/2013\/04\/flota\/7.jpg\" \/>\n<meta name=\"twitter:label1\" content=\"Est. reading time\" \/>\n\t<meta name=\"twitter:data1\" content=\"1 minute\" \/>\n<script type=\"application\/ld+json\" class=\"yoast-schema-graph\">{\"@context\":\"https:\/\/schema.org\",\"@graph\":[{\"@type\":\"WebSite\",\"@id\":\"https:\/\/centervol.es\/#website\",\"url\":\"https:\/\/centervol.es\/\",\"name\":\"Centervol\",\"description\":\"Tu servicio FBO\",\"potentialAction\":[{\"@type\":\"SearchAction\",\"target\":{\"@type\":\"EntryPoint\",\"urlTemplate\":\"https:\/\/centervol.es\/?s={search_term_string}\"},\"query-input\":\"required name=search_term_string\"}],\"inLanguage\":\"en-US\"},{\"@type\":\"ImageObject\",\"@id\":\"https:\/\/centervol.es\/en\/facilities-fleet\/#primaryimage\",\"inLanguage\":\"en-US\",\"url\":\"http:\/\/centervol.es\/wp-content\/uploads\/2013\/04\/flota\/7.jpg\",\"contentUrl\":\"http:\/\/centervol.es\/wp-content\/uploads\/2013\/04\/flota\/7.jpg\"},{\"@type\":\"WebPage\",\"@id\":\"https:\/\/centervol.es\/en\/facilities-fleet\/#webpage\",\"url\":\"https:\/\/centervol.es\/en\/facilities-fleet\/\",\"name\":\"Facilities - Centervol\",\"isPartOf\":{\"@id\":\"https:\/\/centervol.es\/#website\"},\"primaryImageOfPage\":{\"@id\":\"https:\/\/centervol.es\/en\/facilities-fleet\/#primaryimage\"},\"datePublished\":\"2013-09-28T19:05:03+00:00\",\"dateModified\":\"2020-10-21T07:58:38+00:00\",\"breadcrumb\":{\"@id\":\"https:\/\/centervol.es\/en\/facilities-fleet\/#breadcrumb\"},\"inLanguage\":\"en-US\",\"potentialAction\":[{\"@type\":\"ReadAction\",\"target\":[\"https:\/\/centervol.es\/en\/facilities-fleet\/\"]}]},{\"@type\":\"BreadcrumbList\",\"@id\":\"https:\/\/centervol.es\/en\/facilities-fleet\/#breadcrumb\",\"itemListElement\":[{\"@type\":\"ListItem\",\"position\":1,\"name\":\"Facilities\"}]}]}<\/script>\n<!-- \/ Yoast SEO plugin. -->","yoast_head_json":{"robots":{"index":"index","follow":"follow","max-snippet":"max-snippet:-1","max-image-preview":"max-image-preview:large","max-video-preview":"max-video-preview:-1"},"canonical":"https:\/\/centervol.es\/en\/facilities-fleet\/","og_locale":"en_US","og_type":"article","og_title":"Facilities - Centervol","og_description":"En Centervol contamos con unas amplias instalaciones propias, de 2000m2 de extensi\u00f3n, a pie de pista en el Aeropuerto Internacional de Girona \u2013 Costa Brava desde 1991. Para ofrecer la m\u00e1xima garant\u00eda y calidad de servicio a nuestros alumnos y clientes, hemos renovado las instalaciones recientemente, incluyendo dentro del complejo todas las comodidades necesarias para [&hellip;]","og_url":"https:\/\/centervol.es\/en\/facilities-fleet\/","og_site_name":"Centervol","article_publisher":"https:\/\/www.facebook.com\/centervol.escueladepilotoshelicoptero?fref=ts","article_modified_time":"2020-10-21T07:58:38+00:00","og_image":[{"url":"http:\/\/centervol.es\/wp-content\/uploads\/2013\/04\/flota\/7.jpg"}],"twitter_misc":{"Est. reading time":"1 minute"},"schema":{"@context":"https:\/\/schema.org","@graph":[{"@type":"WebSite","@id":"https:\/\/centervol.es\/#website","url":"https:\/\/centervol.es\/","name":"Centervol","description":"Tu servicio FBO","potentialAction":[{"@type":"SearchAction","target":{"@type":"EntryPoint","urlTemplate":"https:\/\/centervol.es\/?s={search_term_string}"},"query-input":"required name=search_term_string"}],"inLanguage":"en-US"},{"@type":"ImageObject","@id":"https:\/\/centervol.es\/en\/facilities-fleet\/#primaryimage","inLanguage":"en-US","url":"http:\/\/centervol.es\/wp-content\/uploads\/2013\/04\/flota\/7.jpg","contentUrl":"http:\/\/centervol.es\/wp-content\/uploads\/2013\/04\/flota\/7.jpg"},{"@type":"WebPage","@id":"https:\/\/centervol.es\/en\/facilities-fleet\/#webpage","url":"https:\/\/centervol.es\/en\/facilities-fleet\/","name":"Facilities - Centervol","isPartOf":{"@id":"https:\/\/centervol.es\/#website"},"primaryImageOfPage":{"@id":"https:\/\/centervol.es\/en\/facilities-fleet\/#primaryimage"},"datePublished":"2013-09-28T19:05:03+00:00","dateModified":"2020-10-21T07:58:38+00:00","breadcrumb":{"@id":"https:\/\/centervol.es\/en\/facilities-fleet\/#breadcrumb"},"inLanguage":"en-US","potentialAction":[{"@type":"ReadAction","target":["https:\/\/centervol.es\/en\/facilities-fleet\/"]}]},{"@type":"BreadcrumbList","@id":"https:\/\/centervol.es\/en\/facilities-fleet\/#breadcrumb","itemListElement":[{"@type":"ListItem","position":1,"name":"Facilities"}]}]}},"_links":{"self":[{"href":"https:\/\/centervol.es\/wp-json\/wp\/v2\/pages\/1177"}],"collection":[{"href":"https:\/\/centervol.es\/wp-json\/wp\/v2\/pages"}],"about":[{"href":"https:\/\/centervol.es\/wp-json\/wp\/v2\/types\/page"}],"author":[{"embeddable":true,"href":"https:\/\/centervol.es\/wp-json\/wp\/v2\/users\/1"}],"replies":[{"embeddable":true,"href":"https:\/\/centervol.es\/wp-json\/wp\/v2\/comments?post=1177"}],"version-history":[{"count":5,"href":"https:\/\/centervol.es\/wp-json\/wp\/v2\/pages\/1177\/revisions"}],"predecessor-version":[{"id":22530,"href":"https:\/\/centervol.es\/wp-json\/wp\/v2\/pages\/1177\/revisions\/22530"}],"wp:attachment":[{"href":"https:\/\/centervol.es\/wp-json\/wp\/v2\/media?parent=1177"}],"curies":[{"name":"wp","href":"https:\/\/api.w.org\/{rel}","templated":true}]}}