{"id":1169,"date":"2013-09-28T18:56:28","date_gmt":"2013-09-28T18:56:28","guid":{"rendered":"http:\/\/centervol.es\/?page_id=1169"},"modified":"2020-10-21T08:06:40","modified_gmt":"2020-10-21T08:06:40","slug":"fire-fighting","status":"publish","type":"page","link":"https:\/\/centervol.es\/en\/fire-fighting\/","title":{"rendered":"Fire fighting"},"content":{"rendered":"\n    <div id=\"amazingslider-11\" style=\"display:block;position:relative;margin:15px auto 30px;\">\n        <ul class=\"amazingslider-slides\" style=\"display:none;\">\n            <li><img src=\"http:\/\/centervol.es\/wp-content\/uploads\/amazingslider\/11\/images\/DSC_0037.jpg\" \/>            <\/li>\n            <li><img src=\"http:\/\/centervol.es\/wp-content\/uploads\/amazingslider\/11\/images\/P1010048.JPG\" \/>            <\/li>\n            <li><img src=\"http:\/\/centervol.es\/wp-content\/uploads\/amazingslider\/11\/images\/DSC_0039.jpg\" \/>            <\/li>\n            <li><img src=\"http:\/\/centervol.es\/wp-content\/uploads\/amazingslider\/11\/images\/BOMBERS 2.jpg\" \/>            <\/li>\n            <li><img src=\"http:\/\/centervol.es\/wp-content\/uploads\/amazingslider\/11\/images\/BOMBERS 1.jpg\" \/>            <\/li>\n            <li><img src=\"http:\/\/centervol.es\/wp-content\/uploads\/amazingslider\/11\/images\/16450_100922189932119_4231674_n.jpg\" \/>            <\/li>\n            <li><img src=\"http:\/\/centervol.es\/wp-content\/uploads\/amazingslider\/11\/images\/2556327768_b766f8e6a7_o.jpg\" \/>            <\/li>\n            <li><img src=\"http:\/\/centervol.es\/wp-content\/uploads\/amazingslider\/11\/images\/DSC_0038.jpg\" \/>            <\/li>\n        <\/ul>\n        <ul class=\"amazingslider-thumbnails\" style=\"display:none;\">\n            <li><img src=\"http:\/\/centervol.es\/wp-content\/uploads\/amazingslider\/11\/images\/thumbnails\/DSC_0037.jpg\" \/><\/li>\n            <li><img src=\"http:\/\/centervol.es\/wp-content\/uploads\/amazingslider\/11\/images\/thumbnails\/P1010048.JPG\" \/><\/li>\n            <li><img src=\"http:\/\/centervol.es\/wp-content\/uploads\/amazingslider\/11\/images\/thumbnails\/DSC_0039.jpg\" \/><\/li>\n            <li><img src=\"http:\/\/centervol.es\/wp-content\/uploads\/amazingslider\/11\/images\/thumbnails\/BOMBERS 2.jpg\" \/><\/li>\n            <li><img src=\"http:\/\/centervol.es\/wp-content\/uploads\/amazingslider\/11\/images\/thumbnails\/BOMBERS 1.jpg\" \/><\/li>\n            <li><img src=\"http:\/\/centervol.es\/wp-content\/uploads\/amazingslider\/11\/images\/thumbnails\/16450_100922189932119_4231674_n.jpg\" \/><\/li>\n            <li><img src=\"http:\/\/centervol.es\/wp-content\/uploads\/amazingslider\/11\/images\/thumbnails\/2556327768_b766f8e6a7_o.jpg\" \/><\/li>\n            <li><img src=\"http:\/\/centervol.es\/wp-content\/uploads\/amazingslider\/11\/images\/thumbnails\/DSC_0038.jpg\" \/><\/li>\n        <\/ul>\n        <div class=\"amazingslider-engine\" style=\"display:none;\"><a href=\"http:\/\/www.amazingslider.com\">jQuery Slider<\/a><\/div>\n    <\/div>\n    <script src=\"https:\/\/centervol.es\/wp-content\/uploads\/amazingslider\/11\/sliderengine\/initslider.js\"><\/script>\n\n<p>&nbsp;<\/p>\n<p>Lanzamiento de agua con helic\u00f3ptero:<br \/>\n&#8211; Extinci\u00f3n de incendios con helic\u00f3pteros que transporten\/arrojen agua, mediante helibaldes, dep\u00f3sitos ventrales, etc..<\/p>\n","protected":false},"excerpt":{"rendered":"<p>&nbsp; Lanzamiento de agua con helic\u00f3ptero: &#8211; Extinci\u00f3n de incendios con helic\u00f3pteros que transporten\/arrojen agua, mediante helibaldes, dep\u00f3sitos ventrales, etc..<\/p>\n","protected":false},"author":1,"featured_media":0,"parent":0,"menu_order":0,"comment_status":"closed","ping_status":"closed","template":"","meta":{"_locale":"en_US","_original_post":"437"},"acf":[],"yoast_head":"<!-- This site is optimized with the Yoast SEO plugin v17.0 - https:\/\/yoast.com\/wordpress\/plugins\/seo\/ -->\n<meta name=\"robots\" content=\"index, follow, max-snippet:-1, max-image-preview:large, max-video-preview:-1\" \/>\n<link rel=\"canonical\" href=\"https:\/\/centervol.es\/en\/fire-fighting\/\" \/>\n<meta property=\"og:locale\" content=\"en_US\" \/>\n<meta property=\"og:type\" content=\"article\" \/>\n<meta property=\"og:title\" content=\"Fire fighting - Centervol\" \/>\n<meta property=\"og:description\" content=\"&nbsp; Lanzamiento de agua con helic\u00f3ptero: &#8211; Extinci\u00f3n de incendios con helic\u00f3pteros que transporten\/arrojen agua, mediante helibaldes, dep\u00f3sitos ventrales, etc..\" \/>\n<meta property=\"og:url\" content=\"https:\/\/centervol.es\/en\/fire-fighting\/\" \/>\n<meta property=\"og:site_name\" content=\"Centervol\" \/>\n<meta property=\"article:publisher\" content=\"https:\/\/www.facebook.com\/centervol.escueladepilotoshelicoptero?fref=ts\" \/>\n<meta property=\"article:modified_time\" content=\"2020-10-21T08:06:40+00:00\" \/>\n<script type=\"application\/ld+json\" class=\"yoast-schema-graph\">{\"@context\":\"https:\/\/schema.org\",\"@graph\":[{\"@type\":\"WebSite\",\"@id\":\"https:\/\/centervol.es\/#website\",\"url\":\"https:\/\/centervol.es\/\",\"name\":\"Centervol\",\"description\":\"Tu servicio FBO\",\"potentialAction\":[{\"@type\":\"SearchAction\",\"target\":{\"@type\":\"EntryPoint\",\"urlTemplate\":\"https:\/\/centervol.es\/?s={search_term_string}\"},\"query-input\":\"required name=search_term_string\"}],\"inLanguage\":\"en-US\"},{\"@type\":\"WebPage\",\"@id\":\"https:\/\/centervol.es\/en\/fire-fighting\/#webpage\",\"url\":\"https:\/\/centervol.es\/en\/fire-fighting\/\",\"name\":\"Fire fighting - Centervol\",\"isPartOf\":{\"@id\":\"https:\/\/centervol.es\/#website\"},\"datePublished\":\"2013-09-28T18:56:28+00:00\",\"dateModified\":\"2020-10-21T08:06:40+00:00\",\"breadcrumb\":{\"@id\":\"https:\/\/centervol.es\/en\/fire-fighting\/#breadcrumb\"},\"inLanguage\":\"en-US\",\"potentialAction\":[{\"@type\":\"ReadAction\",\"target\":[\"https:\/\/centervol.es\/en\/fire-fighting\/\"]}]},{\"@type\":\"BreadcrumbList\",\"@id\":\"https:\/\/centervol.es\/en\/fire-fighting\/#breadcrumb\",\"itemListElement\":[{\"@type\":\"ListItem\",\"position\":1,\"name\":\"Fire fighting\"}]}]}<\/script>\n<!-- \/ Yoast SEO plugin. -->","yoast_head_json":{"robots":{"index":"index","follow":"follow","max-snippet":"max-snippet:-1","max-image-preview":"max-image-preview:large","max-video-preview":"max-video-preview:-1"},"canonical":"https:\/\/centervol.es\/en\/fire-fighting\/","og_locale":"en_US","og_type":"article","og_title":"Fire fighting - Centervol","og_description":"&nbsp; Lanzamiento de agua con helic\u00f3ptero: &#8211; Extinci\u00f3n de incendios con helic\u00f3pteros que transporten\/arrojen agua, mediante helibaldes, dep\u00f3sitos ventrales, etc..","og_url":"https:\/\/centervol.es\/en\/fire-fighting\/","og_site_name":"Centervol","article_publisher":"https:\/\/www.facebook.com\/centervol.escueladepilotoshelicoptero?fref=ts","article_modified_time":"2020-10-21T08:06:40+00:00","schema":{"@context":"https:\/\/schema.org","@graph":[{"@type":"WebSite","@id":"https:\/\/centervol.es\/#website","url":"https:\/\/centervol.es\/","name":"Centervol","description":"Tu servicio FBO","potentialAction":[{"@type":"SearchAction","target":{"@type":"EntryPoint","urlTemplate":"https:\/\/centervol.es\/?s={search_term_string}"},"query-input":"required name=search_term_string"}],"inLanguage":"en-US"},{"@type":"WebPage","@id":"https:\/\/centervol.es\/en\/fire-fighting\/#webpage","url":"https:\/\/centervol.es\/en\/fire-fighting\/","name":"Fire fighting - Centervol","isPartOf":{"@id":"https:\/\/centervol.es\/#website"},"datePublished":"2013-09-28T18:56:28+00:00","dateModified":"2020-10-21T08:06:40+00:00","breadcrumb":{"@id":"https:\/\/centervol.es\/en\/fire-fighting\/#breadcrumb"},"inLanguage":"en-US","potentialAction":[{"@type":"ReadAction","target":["https:\/\/centervol.es\/en\/fire-fighting\/"]}]},{"@type":"BreadcrumbList","@id":"https:\/\/centervol.es\/en\/fire-fighting\/#breadcrumb","itemListElement":[{"@type":"ListItem","position":1,"name":"Fire fighting"}]}]}},"_links":{"self":[{"href":"https:\/\/centervol.es\/wp-json\/wp\/v2\/pages\/1169"}],"collection":[{"href":"https:\/\/centervol.es\/wp-json\/wp\/v2\/pages"}],"about":[{"href":"https:\/\/centervol.es\/wp-json\/wp\/v2\/types\/page"}],"author":[{"embeddable":true,"href":"https:\/\/centervol.es\/wp-json\/wp\/v2\/users\/1"}],"replies":[{"embeddable":true,"href":"https:\/\/centervol.es\/wp-json\/wp\/v2\/comments?post=1169"}],"version-history":[{"count":2,"href":"https:\/\/centervol.es\/wp-json\/wp\/v2\/pages\/1169\/revisions"}],"predecessor-version":[{"id":22550,"href":"https:\/\/centervol.es\/wp-json\/wp\/v2\/pages\/1169\/revisions\/22550"}],"wp:attachment":[{"href":"https:\/\/centervol.es\/wp-json\/wp\/v2\/media?parent=1169"}],"curies":[{"name":"wp","href":"https:\/\/api.w.org\/{rel}","templated":true}]}}