{"id":1785,"date":"2014-06-28T17:23:00","date_gmt":"2014-06-28T17:23:00","guid":{"rendered":"http:\/\/centervol.es\/?page_id=1785"},"modified":"2020-10-21T08:00:17","modified_gmt":"2020-10-21T08:00:17","slug":"instal-laciones","status":"publish","type":"page","link":"https:\/\/centervol.es\/ca\/instal-laciones\/","title":{"rendered":"Instal\u00b7lacions"},"content":{"rendered":"\n    <div id=\"amazingslider-14\" style=\"display:block;position:relative;margin:15px auto 30px;\">\n        <ul class=\"amazingslider-slides\" style=\"display:none;\">\n            <li><img src=\"http:\/\/centervol.es\/wp-content\/uploads\/amazingslider\/14\/images\/INST5.png\" \/>            <\/li>\n            <li><img src=\"http:\/\/centervol.es\/wp-content\/uploads\/amazingslider\/14\/images\/INST-2.jpg\" \/>            <\/li>\n            <li><img src=\"http:\/\/centervol.es\/wp-content\/uploads\/amazingslider\/14\/images\/aeropuerto.jpg\" \/>            <\/li>\n            <li><img src=\"http:\/\/centervol.es\/wp-content\/uploads\/amazingslider\/14\/images\/INST7.jpg\" \/>            <\/li>\n            <li><img src=\"http:\/\/centervol.es\/wp-content\/uploads\/amazingslider\/14\/images\/INST-1.png\" \/>            <\/li>\n            <li><img src=\"http:\/\/centervol.es\/wp-content\/uploads\/amazingslider\/14\/images\/aerea_inst.png\" \/>            <\/li>\n            <li><img src=\"http:\/\/centervol.es\/wp-content\/uploads\/amazingslider\/14\/images\/hangar8.png\" \/>            <\/li>\n            <li><img src=\"http:\/\/centervol.es\/wp-content\/uploads\/amazingslider\/14\/images\/hangar7.png\" \/>            <\/li>\n            <li><img src=\"http:\/\/centervol.es\/wp-content\/uploads\/amazingslider\/14\/images\/INST-3.png\" \/>            <\/li>\n            <li><img src=\"http:\/\/centervol.es\/wp-content\/uploads\/amazingslider\/14\/images\/m4OimfvKjY_Mp7vJPxNKMAOwz18FnRV8uhdCYLDjeGE copia.jpg\" \/>            <\/li>\n            <li><img src=\"http:\/\/centervol.es\/wp-content\/uploads\/amazingslider\/14\/images\/hangar.jpg\" \/>            <\/li>\n            <li><img src=\"http:\/\/centervol.es\/wp-content\/uploads\/amazingslider\/14\/images\/PATIO3.jpg\" \/>            <\/li>\n            <li><img src=\"http:\/\/centervol.es\/wp-content\/uploads\/amazingslider\/14\/images\/PATIO2.jpg\" \/>            <\/li>\n            <li><img src=\"http:\/\/centervol.es\/wp-content\/uploads\/amazingslider\/14\/images\/recepcion.png\" \/>            <\/li>\n            <li><img src=\"http:\/\/centervol.es\/wp-content\/uploads\/amazingslider\/14\/images\/despachop.png\" \/>            <\/li>\n            <li><img src=\"http:\/\/centervol.es\/wp-content\/uploads\/amazingslider\/14\/images\/COMEDOR.jpg\" \/>            <\/li>\n            <li><img src=\"http:\/\/centervol.es\/wp-content\/uploads\/amazingslider\/14\/images\/meeting.png\" \/>            <\/li>\n            <li><img src=\"http:\/\/centervol.es\/wp-content\/uploads\/amazingslider\/14\/images\/meeting1.jpg\" \/>            <\/li>\n            <li><img src=\"http:\/\/centervol.es\/wp-content\/uploads\/amazingslider\/14\/images\/salacontrol3.jpg\" \/>            <\/li>\n            <li><img src=\"http:\/\/centervol.es\/wp-content\/uploads\/amazingslider\/14\/images\/salacontrol.png\" \/>            <\/li>\n            <li><img src=\"http:\/\/centervol.es\/wp-content\/uploads\/amazingslider\/14\/images\/salacontrol2.png\" \/>            <\/li>\n            <li><img src=\"http:\/\/centervol.es\/wp-content\/uploads\/amazingslider\/14\/images\/patio.png\" \/>            <\/li>\n            <li><img src=\"http:\/\/centervol.es\/wp-content\/uploads\/amazingslider\/14\/images\/aula.png\" \/>            <\/li>\n            <li><img src=\"http:\/\/centervol.es\/wp-content\/uploads\/amazingslider\/14\/images\/aula5.jpg\" \/>            <\/li>\n            <li><img src=\"http:\/\/centervol.es\/wp-content\/uploads\/amazingslider\/14\/images\/clase2.png\" \/>            <\/li>\n            <li><img src=\"http:\/\/centervol.es\/wp-content\/uploads\/amazingslider\/14\/images\/aula3.png\" \/>            <\/li>\n            <li><img src=\"http:\/\/centervol.es\/wp-content\/uploads\/amazingslider\/14\/images\/PATIO1.jpg\" \/>            <\/li>\n            <li><img src=\"http:\/\/centervol.es\/wp-content\/uploads\/amazingslider\/14\/images\/cocina1.png\" \/>            <\/li>\n            <li><img src=\"http:\/\/centervol.es\/wp-content\/uploads\/amazingslider\/14\/images\/COCINA.png\" \/>            <\/li>\n            <li><img src=\"http:\/\/centervol.es\/wp-content\/uploads\/amazingslider\/14\/images\/DESCANSO1.jpg\" \/>            <\/li>\n            <li><img src=\"http:\/\/centervol.es\/wp-content\/uploads\/amazingslider\/14\/images\/INST-4.png\" alt=\"INST-4\" \/>            <\/li>\n            <li><img src=\"http:\/\/centervol.es\/wp-content\/uploads\/amazingslider\/14\/images\/INST6.png\" alt=\"INST6\" \/>            <\/li>\n        <\/ul>\n        <ul class=\"amazingslider-thumbnails\" style=\"display:none;\">\n            <li><img src=\"http:\/\/centervol.es\/wp-content\/uploads\/amazingslider\/14\/images\/thumbnails\/INST5.png\" \/><\/li>\n            <li><img src=\"http:\/\/centervol.es\/wp-content\/uploads\/amazingslider\/14\/images\/thumbnails\/INST-2.jpg\" \/><\/li>\n            <li><img src=\"http:\/\/centervol.es\/wp-content\/uploads\/amazingslider\/14\/images\/thumbnails\/aeropuerto.jpg\" \/><\/li>\n            <li><img src=\"http:\/\/centervol.es\/wp-content\/uploads\/amazingslider\/14\/images\/thumbnails\/INST7.jpg\" \/><\/li>\n            <li><img src=\"http:\/\/centervol.es\/wp-content\/uploads\/amazingslider\/14\/images\/thumbnails\/INST-1.png\" \/><\/li>\n            <li><img src=\"http:\/\/centervol.es\/wp-content\/uploads\/amazingslider\/14\/images\/thumbnails\/aerea_inst.png\" \/><\/li>\n            <li><img src=\"http:\/\/centervol.es\/wp-content\/uploads\/amazingslider\/14\/images\/thumbnails\/hangar8.png\" \/><\/li>\n            <li><img src=\"http:\/\/centervol.es\/wp-content\/uploads\/amazingslider\/14\/images\/thumbnails\/hangar7.png\" \/><\/li>\n            <li><img src=\"http:\/\/centervol.es\/wp-content\/uploads\/amazingslider\/14\/images\/thumbnails\/INST-3.png\" \/><\/li>\n            <li><img src=\"http:\/\/centervol.es\/wp-content\/uploads\/amazingslider\/14\/images\/thumbnails\/m4OimfvKjY_Mp7vJPxNKMAOwz18FnRV8uhdCYLDjeGE copia.jpg\" \/><\/li>\n            <li><img src=\"http:\/\/centervol.es\/wp-content\/uploads\/amazingslider\/14\/images\/thumbnails\/hangar.jpg\" \/><\/li>\n            <li><img src=\"http:\/\/centervol.es\/wp-content\/uploads\/amazingslider\/14\/images\/thumbnails\/PATIO3.jpg\" \/><\/li>\n            <li><img src=\"http:\/\/centervol.es\/wp-content\/uploads\/amazingslider\/14\/images\/thumbnails\/PATIO2.jpg\" \/><\/li>\n            <li><img src=\"http:\/\/centervol.es\/wp-content\/uploads\/amazingslider\/14\/images\/thumbnails\/recepcion.png\" \/><\/li>\n            <li><img src=\"http:\/\/centervol.es\/wp-content\/uploads\/amazingslider\/14\/images\/thumbnails\/despachop.png\" \/><\/li>\n            <li><img src=\"http:\/\/centervol.es\/wp-content\/uploads\/amazingslider\/14\/images\/thumbnails\/COMEDOR.jpg\" \/><\/li>\n            <li><img src=\"http:\/\/centervol.es\/wp-content\/uploads\/amazingslider\/14\/images\/thumbnails\/meeting.png\" \/><\/li>\n            <li><img src=\"http:\/\/centervol.es\/wp-content\/uploads\/amazingslider\/14\/images\/thumbnails\/meeting1.jpg\" \/><\/li>\n            <li><img src=\"http:\/\/centervol.es\/wp-content\/uploads\/amazingslider\/14\/images\/thumbnails\/salacontrol3.jpg\" \/><\/li>\n            <li><img src=\"http:\/\/centervol.es\/wp-content\/uploads\/amazingslider\/14\/images\/thumbnails\/salacontrol.png\" \/><\/li>\n            <li><img src=\"http:\/\/centervol.es\/wp-content\/uploads\/amazingslider\/14\/images\/thumbnails\/salacontrol2.png\" \/><\/li>\n            <li><img src=\"http:\/\/centervol.es\/wp-content\/uploads\/amazingslider\/14\/images\/thumbnails\/patio.png\" \/><\/li>\n            <li><img src=\"http:\/\/centervol.es\/wp-content\/uploads\/amazingslider\/14\/images\/thumbnails\/aula.png\" \/><\/li>\n            <li><img src=\"http:\/\/centervol.es\/wp-content\/uploads\/amazingslider\/14\/images\/thumbnails\/aula5.jpg\" \/><\/li>\n            <li><img src=\"http:\/\/centervol.es\/wp-content\/uploads\/amazingslider\/14\/images\/thumbnails\/clase2.png\" \/><\/li>\n            <li><img src=\"http:\/\/centervol.es\/wp-content\/uploads\/amazingslider\/14\/images\/thumbnails\/aula3.png\" \/><\/li>\n            <li><img src=\"http:\/\/centervol.es\/wp-content\/uploads\/amazingslider\/14\/images\/thumbnails\/PATIO1.jpg\" \/><\/li>\n            <li><img src=\"http:\/\/centervol.es\/wp-content\/uploads\/amazingslider\/14\/images\/thumbnails\/cocina1.png\" \/><\/li>\n            <li><img src=\"http:\/\/centervol.es\/wp-content\/uploads\/amazingslider\/14\/images\/thumbnails\/COCINA.png\" \/><\/li>\n            <li><img src=\"http:\/\/centervol.es\/wp-content\/uploads\/amazingslider\/14\/images\/thumbnails\/DESCANSO1.jpg\" \/><\/li>\n            <li><img src=\"http:\/\/centervol.es\/wp-content\/uploads\/amazingslider\/14\/images\/thumbnails\/INST-4.png\" \/><\/li>\n            <li><img src=\"http:\/\/centervol.es\/wp-content\/uploads\/amazingslider\/14\/images\/thumbnails\/INST6.png\" \/><\/li>\n        <\/ul>\n        <div class=\"amazingslider-engine\" style=\"display:none;\"><a href=\"http:\/\/www.amazingslider.com\">jQuery Slider<\/a><\/div>\n    <\/div>\n    <script src=\"https:\/\/centervol.es\/wp-content\/uploads\/amazingslider\/14\/sliderengine\/initslider.js\"><\/script>\n\n<div style=\"float: left; width: 50%; padding-right: 5px;\">\n<p style=\"text-align: justify; margin-left: 0; margin-right: 0px;\">En Centervol contamos con unas amplias instalaciones propias, de 2000m2 de extensi\u00f3n, a pie de pista en el Aeropuerto Internacional de Girona \u2013 Costa Brava desde 1991. Para ofrecer la m\u00e1xima garant\u00eda y calidad de servicio a nuestros alumnos y clientes, hemos renovado las instalaciones recientemente, incluyendo dentro del complejo todas las comodidades necesarias para llevar a cabo el d\u00eda a d\u00eda de la forma m\u00e1s \u00f3ptima: Aulas espaciosas con vistas a la pista, cocina, comedor, ba\u00f1os y vestuarios con ducha, jardines exteriores, amplio aparcamiento, recepci\u00f3n, despachos, sala de reuniones, sala de briefing y planes de vuelo, sala de operaciones, zonas de ocio y descanso interiores y exteriores. Adem\u00e1s, contamos con un amplio hangar de mantenimiento de aeronaves EASA Part 145, y de servicios de handling en amplias y modernas instalaciones donde pilotos y clientes encontrar\u00e1n el m\u00e1ximo confort.<\/p>\n<\/div>\n","protected":false},"excerpt":{"rendered":"<p>En Centervol contamos con unas amplias instalaciones propias, de 2000m2 de extensi\u00f3n, a pie de pista en el Aeropuerto Internacional de Girona \u2013 Costa Brava desde 1991. Para ofrecer la m\u00e1xima garant\u00eda y calidad de servicio a nuestros alumnos y clientes, hemos renovado las instalaciones recientemente, incluyendo dentro del complejo todas las comodidades necesarias para [&hellip;]<\/p>\n","protected":false},"author":1,"featured_media":0,"parent":0,"menu_order":0,"comment_status":"closed","ping_status":"closed","template":"","meta":{"_locale":"ca","_original_post":"350"},"acf":[],"yoast_head":"<!-- This site is optimized with the Yoast SEO plugin v17.0 - https:\/\/yoast.com\/wordpress\/plugins\/seo\/ -->\n<meta name=\"robots\" content=\"index, follow, max-snippet:-1, max-image-preview:large, max-video-preview:-1\" \/>\n<link rel=\"canonical\" href=\"https:\/\/centervol.es\/instal-laciones\/\" \/>\n<meta property=\"og:locale\" content=\"ca_ES\" \/>\n<meta property=\"og:type\" content=\"article\" \/>\n<meta property=\"og:title\" content=\"Instal\u00b7lacions - Centervol\" \/>\n<meta property=\"og:description\" content=\"En Centervol contamos con unas amplias instalaciones propias, de 2000m2 de extensi\u00f3n, a pie de pista en el Aeropuerto Internacional de Girona \u2013 Costa Brava desde 1991. Para ofrecer la m\u00e1xima garant\u00eda y calidad de servicio a nuestros alumnos y clientes, hemos renovado las instalaciones recientemente, incluyendo dentro del complejo todas las comodidades necesarias para [&hellip;]\" \/>\n<meta property=\"og:url\" content=\"https:\/\/centervol.es\/instal-laciones\/\" \/>\n<meta property=\"og:site_name\" content=\"Centervol\" \/>\n<meta property=\"article:publisher\" content=\"https:\/\/www.facebook.com\/centervol.escueladepilotoshelicoptero?fref=ts\" \/>\n<meta property=\"article:modified_time\" content=\"2020-10-21T08:00:17+00:00\" \/>\n<meta name=\"twitter:label1\" content=\"Temps estimat de lectura\" \/>\n\t<meta name=\"twitter:data1\" content=\"1 minut\" \/>\n<script type=\"application\/ld+json\" class=\"yoast-schema-graph\">{\"@context\":\"https:\/\/schema.org\",\"@graph\":[{\"@type\":\"WebSite\",\"@id\":\"https:\/\/centervol.es\/#website\",\"url\":\"https:\/\/centervol.es\/\",\"name\":\"Centervol\",\"description\":\"Tu servicio FBO\",\"potentialAction\":[{\"@type\":\"SearchAction\",\"target\":{\"@type\":\"EntryPoint\",\"urlTemplate\":\"https:\/\/centervol.es\/?s={search_term_string}\"},\"query-input\":\"required name=search_term_string\"}],\"inLanguage\":\"ca\"},{\"@type\":\"WebPage\",\"@id\":\"https:\/\/centervol.es\/instal-laciones\/#webpage\",\"url\":\"https:\/\/centervol.es\/instal-laciones\/\",\"name\":\"Instal\\u00b7lacions - Centervol\",\"isPartOf\":{\"@id\":\"https:\/\/centervol.es\/#website\"},\"datePublished\":\"2014-06-28T17:23:00+00:00\",\"dateModified\":\"2020-10-21T08:00:17+00:00\",\"breadcrumb\":{\"@id\":\"https:\/\/centervol.es\/instal-laciones\/#breadcrumb\"},\"inLanguage\":\"ca\",\"potentialAction\":[{\"@type\":\"ReadAction\",\"target\":[\"https:\/\/centervol.es\/instal-laciones\/\"]}]},{\"@type\":\"BreadcrumbList\",\"@id\":\"https:\/\/centervol.es\/instal-laciones\/#breadcrumb\",\"itemListElement\":[{\"@type\":\"ListItem\",\"position\":1,\"name\":\"Instal\\u00b7lacions\"}]}]}<\/script>\n<!-- \/ Yoast SEO plugin. -->","yoast_head_json":{"robots":{"index":"index","follow":"follow","max-snippet":"max-snippet:-1","max-image-preview":"max-image-preview:large","max-video-preview":"max-video-preview:-1"},"canonical":"https:\/\/centervol.es\/instal-laciones\/","og_locale":"ca_ES","og_type":"article","og_title":"Instal\u00b7lacions - Centervol","og_description":"En Centervol contamos con unas amplias instalaciones propias, de 2000m2 de extensi\u00f3n, a pie de pista en el Aeropuerto Internacional de Girona \u2013 Costa Brava desde 1991. Para ofrecer la m\u00e1xima garant\u00eda y calidad de servicio a nuestros alumnos y clientes, hemos renovado las instalaciones recientemente, incluyendo dentro del complejo todas las comodidades necesarias para [&hellip;]","og_url":"https:\/\/centervol.es\/instal-laciones\/","og_site_name":"Centervol","article_publisher":"https:\/\/www.facebook.com\/centervol.escueladepilotoshelicoptero?fref=ts","article_modified_time":"2020-10-21T08:00:17+00:00","twitter_misc":{"Temps estimat de lectura":"1 minut"},"schema":{"@context":"https:\/\/schema.org","@graph":[{"@type":"WebSite","@id":"https:\/\/centervol.es\/#website","url":"https:\/\/centervol.es\/","name":"Centervol","description":"Tu servicio FBO","potentialAction":[{"@type":"SearchAction","target":{"@type":"EntryPoint","urlTemplate":"https:\/\/centervol.es\/?s={search_term_string}"},"query-input":"required name=search_term_string"}],"inLanguage":"ca"},{"@type":"WebPage","@id":"https:\/\/centervol.es\/instal-laciones\/#webpage","url":"https:\/\/centervol.es\/instal-laciones\/","name":"Instal\u00b7lacions - Centervol","isPartOf":{"@id":"https:\/\/centervol.es\/#website"},"datePublished":"2014-06-28T17:23:00+00:00","dateModified":"2020-10-21T08:00:17+00:00","breadcrumb":{"@id":"https:\/\/centervol.es\/instal-laciones\/#breadcrumb"},"inLanguage":"ca","potentialAction":[{"@type":"ReadAction","target":["https:\/\/centervol.es\/instal-laciones\/"]}]},{"@type":"BreadcrumbList","@id":"https:\/\/centervol.es\/instal-laciones\/#breadcrumb","itemListElement":[{"@type":"ListItem","position":1,"name":"Instal\u00b7lacions"}]}]}},"_links":{"self":[{"href":"https:\/\/centervol.es\/wp-json\/wp\/v2\/pages\/1785"}],"collection":[{"href":"https:\/\/centervol.es\/wp-json\/wp\/v2\/pages"}],"about":[{"href":"https:\/\/centervol.es\/wp-json\/wp\/v2\/types\/page"}],"author":[{"embeddable":true,"href":"https:\/\/centervol.es\/wp-json\/wp\/v2\/users\/1"}],"replies":[{"embeddable":true,"href":"https:\/\/centervol.es\/wp-json\/wp\/v2\/comments?post=1785"}],"version-history":[{"count":3,"href":"https:\/\/centervol.es\/wp-json\/wp\/v2\/pages\/1785\/revisions"}],"predecessor-version":[{"id":22531,"href":"https:\/\/centervol.es\/wp-json\/wp\/v2\/pages\/1785\/revisions\/22531"}],"wp:attachment":[{"href":"https:\/\/centervol.es\/wp-json\/wp\/v2\/media?parent=1785"}],"curies":[{"name":"wp","href":"https:\/\/api.w.org\/{rel}","templated":true}]}}