{"id":1779,"date":"2014-06-28T17:09:46","date_gmt":"2014-06-28T17:09:46","guid":{"rendered":"http:\/\/centervol.es\/?page_id=1779"},"modified":"2019-09-10T08:24:20","modified_gmt":"2019-09-10T08:24:20","slug":"contacte","status":"publish","type":"page","link":"https:\/\/centervol.es\/ca\/contacte\/","title":{"rendered":"Contacte"},"content":{"rendered":"<div style=\"width: 100%; margin: 5px 5px 5px 10px;\">Si est\u00e0 interessat en un dels nostres serveis li suggerim ompli el seg\u00fcent formulari amb el qual ens contactar\u00e0. Immediatament rebr\u00e0 resposta nostra.<br \/>\nMoltes gr\u00e0cies!!!<br \/>\nCentervol<\/div>\n<div class=\"contact1\"><div class=\"heading\"><h5> Enviar missatge <\/h5><\/div>\n<div role=\"form\" class=\"wpcf7\" id=\"wpcf7-f1078-o1\" lang=\"en-US\" dir=\"ltr\">\n<div class=\"screen-reader-response\"><p role=\"status\" aria-live=\"polite\" aria-atomic=\"true\"><\/p> <ul><\/ul><\/div>\n<form action=\"\/ca\/wp-json\/wp\/v2\/pages\/1779#wpcf7-f1078-o1\" method=\"post\" class=\"wpcf7-form init\" novalidate=\"novalidate\" data-status=\"init\">\n<div style=\"display: none;\">\n<input type=\"hidden\" name=\"_wpcf7\" value=\"1078\" \/>\n<input type=\"hidden\" name=\"_wpcf7_version\" value=\"5.5.3\" \/>\n<input type=\"hidden\" name=\"_wpcf7_locale\" value=\"en_US\" \/>\n<input type=\"hidden\" name=\"_wpcf7_unit_tag\" value=\"wpcf7-f1078-o1\" \/>\n<input type=\"hidden\" name=\"_wpcf7_container_post\" value=\"0\" \/>\n<input type=\"hidden\" name=\"_wpcf7_posted_data_hash\" value=\"\" \/>\n<\/div>\n<div style=\"width:45%; float:left; margin:5px 5px 5px 5px \"; >\n\t Nom (requerit)<br><span class=\"wpcf7-form-control-wrap your-name\"><input type=\"text\" name=\"your-name\" value=\"\" size=\"40\" class=\"wpcf7-form-control wpcf7-text wpcf7-validates-as-required\" aria-required=\"true\" aria-invalid=\"false\" \/><\/span>\n     <\/div>\n<div style=\"width:45%; float:left; margin:5px 5px 5px 5px \"; >\n      Email (requerit)<br><span class=\"wpcf7-form-control-wrap your-email\"><input type=\"email\" name=\"your-email\" value=\"\" size=\"40\" class=\"wpcf7-form-control wpcf7-text wpcf7-email wpcf7-validates-as-required wpcf7-validates-as-email\" aria-required=\"true\" aria-invalid=\"false\" \/><\/span>\n     <\/div>\n<p><br><\/p>\n<div style=\"width:45%; float:left; margin:5px 5px 5px 5px \"; >\n      Tel\u00e9fono (requerit)<br><span class=\"wpcf7-form-control-wrap tel-365\"><input type=\"tel\" name=\"tel-365\" value=\"\" size=\"40\" class=\"wpcf7-form-control wpcf7-text wpcf7-tel wpcf7-validates-as-required wpcf7-validates-as-tel\" aria-required=\"true\" aria-invalid=\"false\" \/><\/span>\n  <\/div>\n<div style=\"width:45%; float:left; margin:5px 5px 5px 5px \"; >\n    Assumpte (requerit)<span class=\"wpcf7-form-control-wrap menu-206\"><select name=\"menu-206\" class=\"wpcf7-form-control wpcf7-select wpcf7-validates-as-required\" id=\"tema\" aria-required=\"true\" aria-invalid=\"false\"><option value=\"\">---<\/option><option value=\"Cursos\">Cursos<\/option><option value=\"Treballs Aeris\">Treballs Aeris<\/option><option value=\"Transport de passatgers\">Transport de passatgers<\/option><option value=\"Compra\/Venta\">Compra\/Venta<\/option><option value=\"Luxury Services\">Luxury Services<\/option><option value=\"Handling\">Handling<\/option><option value=\"Manteniment\">Manteniment<\/option><option value=\"Otro tema\">Otro tema<\/option><\/select><\/span>\n    <\/div>\n<p>    <div class=\"anr_captcha_field\"><div id=\"anr_captcha_field_1\" class=\"anr_captcha_field_div\"><input type=\"hidden\" name=\"g-recaptcha-response\" value=\"\"\/><\/div><\/div><span class=\"wpcf7-form-control-wrap g-recaptcha-response\"><span class=\"wpcf7-form-control\"><\/span><\/span><\/p>\n<div style=\"width:92%; height:160px ;float:left; margin:5px 5px 5px 5px; color: #666666; font-size: 12px; font-weight: 400; margin-bottom: 1px; text-decoration: none; \"; >\n    Missatge<br \/>\n    <span class=\"wpcf7-form-control-wrap your-message\"><textarea name=\"your-message\" cols=\"40\" rows=\"10\" class=\"wpcf7-form-control wpcf7-textarea\" aria-invalid=\"false\"><\/textarea><\/span><br \/>\n<span class=\"wpcf7-form-control-wrap privacidad\"><span class=\"wpcf7-form-control wpcf7-acceptance\"><span class=\"wpcf7-list-item\"><input type=\"checkbox\" name=\"privacidad\" value=\"1\" aria-invalid=\"false\" \/><\/span><\/span><\/span> He llegit i accepto la <a href=\"\/aviso-legal-y-politica-de-privacidad\" >pol\u00edtica de privacitat<\/a><br \/>\n<input type=\"submit\" value=\"Enviar missatge\" class=\"wpcf7-form-control has-spinner wpcf7-submit\" \/>\n    <\/div>\n<div class=\"wpcf7-response-output\" aria-hidden=\"true\"><\/div><\/form><\/div><\/div>\n<div style=\"float: left; margin: 5px 5px 5px 5px;\">\n<div class=\"heading\"><h5> Informaci\u00f3 de contacte <\/h5><\/div>\n<ul class=\"contact-info\">\n<li class=\"phone\">HANDLING &amp; CARGO<br \/>\nTlf +34 618362158<br \/>\nTlf +34 972474644<br \/>\nFax +34 972474259<br \/>\nemail: handling@centervol<\/li>\n<li class=\"phone\">ENGINYERIA &amp; VENDES<br \/>\nTlf +34 626571821<br \/>\nTlf +34 972474644<br \/>\nFax +34 972474259<br \/>\nemail: mantenimiento@centervol.es<\/li>\n<li class=\"phone\">OPERACIONS A\u00c8RIE<br \/>\n(+34) 691 218 181<br \/>\nTlf +34 972474204<br \/>\nFax +34 972474259<br \/>\nemail: centervol@centervol.es<\/li>\n<li class=\"skype\"><a href=\"skype:centervol?call\">Centervol<\/a><\/li>\n<li class=\"email\"><a href=\"mailto:centervol@centervol.es\">centervol@centervol.es<\/a><\/li>\n<li class=\"address\"><a title=\"Direcci\u00f3n\" href=\"https:\/\/maps.google.ca\/maps?q=Costa+Brava+Airport,+Girona,+Espa%C3%B1a&amp;hl=es&amp;ie=UTF8&amp;sll=56,-96&amp;sspn=50.211793,173.144531&amp;oq=aereopuerto+de+girona+&amp;hq=Costa+Brava+Airport,+Girona,+Espa%C3%B1a&amp;t=m&amp;z=14&amp;iwloc=A\">Centervol, Aeropuerto de Girona<\/a><\/li>\n<li class=\"instagram\"><a href=\"https:\/\/www.instagram.com\/centervol\/\" target=\"_blank\">@centervol<\/a><\/li>\n<\/ul>\n<\/div>\n<p>&nbsp;<\/p>\n","protected":false},"excerpt":{"rendered":"<p>Si est\u00e0 interessat en un dels nostres serveis li suggerim ompli el seg\u00fcent formulari amb el qual ens contactar\u00e0. Immediatament rebr\u00e0 resposta nostra. Moltes gr\u00e0cies!!! Centervol HANDLING &amp; CARGO Tlf +34 618362158 Tlf +34 972474644 Fax +34 972474259 email: handling@centervol ENGINYERIA &amp; VENDES Tlf +34 626571821 Tlf +34 972474644 Fax +34 972474259 email: mantenimiento@centervol.es OPERACIONS [&hellip;]<\/p>\n","protected":false},"author":1,"featured_media":0,"parent":0,"menu_order":0,"comment_status":"closed","ping_status":"closed","template":"","meta":{"_locale":"ca","_original_post":"854"},"acf":[],"yoast_head":"<!-- This site is optimized with the Yoast SEO plugin v17.0 - https:\/\/yoast.com\/wordpress\/plugins\/seo\/ -->\n<meta name=\"robots\" content=\"index, follow, max-snippet:-1, max-image-preview:large, max-video-preview:-1\" \/>\n<link rel=\"canonical\" href=\"https:\/\/centervol.es\/ca\/contacte\/\" \/>\n<meta property=\"og:locale\" content=\"ca_ES\" \/>\n<meta property=\"og:type\" content=\"article\" \/>\n<meta property=\"og:title\" content=\"Contacte - Centervol\" \/>\n<meta property=\"og:description\" content=\"Si est\u00e0 interessat en un dels nostres serveis li suggerim ompli el seg\u00fcent formulari amb el qual ens contactar\u00e0. Immediatament rebr\u00e0 resposta nostra. Moltes gr\u00e0cies!!! Centervol HANDLING &amp; CARGO Tlf +34 618362158 Tlf +34 972474644 Fax +34 972474259 email: handling@centervol ENGINYERIA &amp; VENDES Tlf +34 626571821 Tlf +34 972474644 Fax +34 972474259 email: mantenimiento@centervol.es OPERACIONS [&hellip;]\" \/>\n<meta property=\"og:url\" content=\"https:\/\/centervol.es\/ca\/contacte\/\" \/>\n<meta property=\"og:site_name\" content=\"Centervol\" \/>\n<meta property=\"article:publisher\" content=\"https:\/\/www.facebook.com\/centervol.escueladepilotoshelicoptero?fref=ts\" \/>\n<meta property=\"article:modified_time\" content=\"2019-09-10T08:24:20+00:00\" \/>\n<script type=\"application\/ld+json\" class=\"yoast-schema-graph\">{\"@context\":\"https:\/\/schema.org\",\"@graph\":[{\"@type\":\"WebSite\",\"@id\":\"https:\/\/centervol.es\/#website\",\"url\":\"https:\/\/centervol.es\/\",\"name\":\"Centervol\",\"description\":\"Tu servicio FBO\",\"potentialAction\":[{\"@type\":\"SearchAction\",\"target\":{\"@type\":\"EntryPoint\",\"urlTemplate\":\"https:\/\/centervol.es\/?s={search_term_string}\"},\"query-input\":\"required name=search_term_string\"}],\"inLanguage\":\"ca\"},{\"@type\":\"WebPage\",\"@id\":\"https:\/\/centervol.es\/ca\/contacte\/#webpage\",\"url\":\"https:\/\/centervol.es\/ca\/contacte\/\",\"name\":\"Contacte - Centervol\",\"isPartOf\":{\"@id\":\"https:\/\/centervol.es\/#website\"},\"datePublished\":\"2014-06-28T17:09:46+00:00\",\"dateModified\":\"2019-09-10T08:24:20+00:00\",\"breadcrumb\":{\"@id\":\"https:\/\/centervol.es\/ca\/contacte\/#breadcrumb\"},\"inLanguage\":\"ca\",\"potentialAction\":[{\"@type\":\"ReadAction\",\"target\":[\"https:\/\/centervol.es\/ca\/contacte\/\"]}]},{\"@type\":\"BreadcrumbList\",\"@id\":\"https:\/\/centervol.es\/ca\/contacte\/#breadcrumb\",\"itemListElement\":[{\"@type\":\"ListItem\",\"position\":1,\"name\":\"Contacte\"}]}]}<\/script>\n<!-- \/ Yoast SEO plugin. -->","yoast_head_json":{"robots":{"index":"index","follow":"follow","max-snippet":"max-snippet:-1","max-image-preview":"max-image-preview:large","max-video-preview":"max-video-preview:-1"},"canonical":"https:\/\/centervol.es\/ca\/contacte\/","og_locale":"ca_ES","og_type":"article","og_title":"Contacte - Centervol","og_description":"Si est\u00e0 interessat en un dels nostres serveis li suggerim ompli el seg\u00fcent formulari amb el qual ens contactar\u00e0. Immediatament rebr\u00e0 resposta nostra. Moltes gr\u00e0cies!!! Centervol HANDLING &amp; CARGO Tlf +34 618362158 Tlf +34 972474644 Fax +34 972474259 email: handling@centervol ENGINYERIA &amp; VENDES Tlf +34 626571821 Tlf +34 972474644 Fax +34 972474259 email: mantenimiento@centervol.es OPERACIONS [&hellip;]","og_url":"https:\/\/centervol.es\/ca\/contacte\/","og_site_name":"Centervol","article_publisher":"https:\/\/www.facebook.com\/centervol.escueladepilotoshelicoptero?fref=ts","article_modified_time":"2019-09-10T08:24:20+00:00","schema":{"@context":"https:\/\/schema.org","@graph":[{"@type":"WebSite","@id":"https:\/\/centervol.es\/#website","url":"https:\/\/centervol.es\/","name":"Centervol","description":"Tu servicio FBO","potentialAction":[{"@type":"SearchAction","target":{"@type":"EntryPoint","urlTemplate":"https:\/\/centervol.es\/?s={search_term_string}"},"query-input":"required name=search_term_string"}],"inLanguage":"ca"},{"@type":"WebPage","@id":"https:\/\/centervol.es\/ca\/contacte\/#webpage","url":"https:\/\/centervol.es\/ca\/contacte\/","name":"Contacte - Centervol","isPartOf":{"@id":"https:\/\/centervol.es\/#website"},"datePublished":"2014-06-28T17:09:46+00:00","dateModified":"2019-09-10T08:24:20+00:00","breadcrumb":{"@id":"https:\/\/centervol.es\/ca\/contacte\/#breadcrumb"},"inLanguage":"ca","potentialAction":[{"@type":"ReadAction","target":["https:\/\/centervol.es\/ca\/contacte\/"]}]},{"@type":"BreadcrumbList","@id":"https:\/\/centervol.es\/ca\/contacte\/#breadcrumb","itemListElement":[{"@type":"ListItem","position":1,"name":"Contacte"}]}]}},"_links":{"self":[{"href":"https:\/\/centervol.es\/wp-json\/wp\/v2\/pages\/1779"}],"collection":[{"href":"https:\/\/centervol.es\/wp-json\/wp\/v2\/pages"}],"about":[{"href":"https:\/\/centervol.es\/wp-json\/wp\/v2\/types\/page"}],"author":[{"embeddable":true,"href":"https:\/\/centervol.es\/wp-json\/wp\/v2\/users\/1"}],"replies":[{"embeddable":true,"href":"https:\/\/centervol.es\/wp-json\/wp\/v2\/comments?post=1779"}],"version-history":[{"count":5,"href":"https:\/\/centervol.es\/wp-json\/wp\/v2\/pages\/1779\/revisions"}],"predecessor-version":[{"id":12666,"href":"https:\/\/centervol.es\/wp-json\/wp\/v2\/pages\/1779\/revisions\/12666"}],"wp:attachment":[{"href":"https:\/\/centervol.es\/wp-json\/wp\/v2\/media?parent=1779"}],"curies":[{"name":"wp","href":"https:\/\/api.w.org\/{rel}","templated":true}]}}