{"id":1748,"date":"2014-06-21T18:54:19","date_gmt":"2014-06-21T18:54:19","guid":{"rendered":"http:\/\/centervol.es\/?page_id=1748"},"modified":"2014-06-21T18:54:19","modified_gmt":"2014-06-21T18:54:19","slug":"tramits","status":"publish","type":"page","link":"https:\/\/centervol.es\/ca\/tramits\/","title":{"rendered":"TR\u00c0MITS"},"content":{"rendered":"<p>CENTRES M\u00c8DIC ON REALITZAR EL RECONEIXEMENT:<\/p>\n<div class=\"div_tramites\"  \">\n  Airsalud (E-Amc  1011) Hospital Infanta Luisa-Triana<br \/>\n  C\/ Condes de Bustillo, 11,  Sevilla, 41010<br \/>\n    <a href=\"mailto:airsalud@supercable.es\">airsalud@supercable.es<\/a> <br \/>\n    Telf:  954 00 17 24<br \/>\n    Fax:  954 00 13 11<br \/>\n    M\u00f3vil:  616 91 01 96\n<\/div>\n<div class=\"div_tramites\"  \">Centro de Instrucci\u00f3n de Medicina Aeroespacial  (cima) (e-amc-1001)<br \/>\n  C.  Arturo Soria, 82, Madrid, 28027<br \/>\n  Telf: 91  410 13 00<br \/>\n  Fax: 91  408 13 12<\/div>\n<div class=\"div_tramites\"  \">Hospital Quir\u00f3n de Barcelona  (e-amc-1010)<br \/>\n  Plaza  de Alfonso Com\u00edn n\u00ba 5-7 1\u00aaplanta, consulta n\u00ba131, Barcelona, 08023<br \/>\n  emailButton.png<br \/>\n  <a href=\"http:\/\/www.quiron.es\/\">http:\/\/www.quiron.es\/<\/a><br \/>\n  27106crp@comb.es<br \/>\n  Telf: 93  255 40 00<br \/>\n  Fax: 93  210 75 61               <br \/>\n  Dra.  Reguant: 610 02 47 93<\/div>\n<div class=\"div_tramites\"  \">Diagnosis M\u00e9dica (e-amc-1006)<br \/>\n  <a href=\"http:\/\/www.creu-blanca.es\">http:\/\/www.creu-blanca.es<\/a><br \/>\n  C\u00f3rcega 345,  Barcelona, 08037<br \/>\n  Telf: 93 217  17 00<\/div>\n<div class=\"div_tramites\"  \">SERMESA  (e-amc-1005)<br \/>\n  <a href=\"http:\/\/www.sermesa.es\/\">http:\/\/www.sermesa.es\/<\/a><br \/>\n  Mayor, 10 \u2013  46920, Mislata (Valencia)<br \/>\n  <a href=\"maito:sermesa@sermesa.es\">sermesa@sermesa.es<\/a>   <br \/>\n  Telf: 96 313  41 11<br \/>\nFax: 96 379  67 66<\/div>\n","protected":false},"excerpt":{"rendered":"<p>CENTRES M\u00c8DIC ON REALITZAR EL RECONEIXEMENT: Centro de Instrucci\u00f3n de Medicina Aeroespacial (cima) (e-amc-1001) C. Arturo Soria, 82, Madrid, 28027 Telf: 91 410 13 00 Fax: 91 408 13 12 Diagnosis M\u00e9dica (e-amc-1006) http:\/\/www.creu-blanca.es C\u00f3rcega 345, Barcelona, 08037 Telf: 93 217 17 00<\/p>\n","protected":false},"author":1,"featured_media":0,"parent":0,"menu_order":0,"comment_status":"closed","ping_status":"closed","template":"","meta":{"_locale":"ca","_original_post":"835"},"acf":[],"yoast_head":"<!-- This site is optimized with the Yoast SEO plugin v17.0 - https:\/\/yoast.com\/wordpress\/plugins\/seo\/ -->\n<meta name=\"robots\" content=\"index, follow, max-snippet:-1, max-image-preview:large, max-video-preview:-1\" \/>\n<link rel=\"canonical\" href=\"https:\/\/centervol.es\/ca\/tramits\/\" \/>\n<meta property=\"og:locale\" content=\"ca_ES\" \/>\n<meta property=\"og:type\" content=\"article\" \/>\n<meta property=\"og:title\" content=\"TR\u00c0MITS - Centervol\" \/>\n<meta property=\"og:description\" content=\"CENTRES M\u00c8DIC ON REALITZAR EL RECONEIXEMENT: Centro de Instrucci\u00f3n de Medicina Aeroespacial (cima) (e-amc-1001) C. Arturo Soria, 82, Madrid, 28027 Telf: 91 410 13 00 Fax: 91 408 13 12 Diagnosis M\u00e9dica (e-amc-1006) http:\/\/www.creu-blanca.es C\u00f3rcega 345, Barcelona, 08037 Telf: 93 217 17 00\" \/>\n<meta property=\"og:url\" content=\"https:\/\/centervol.es\/ca\/tramits\/\" \/>\n<meta property=\"og:site_name\" content=\"Centervol\" \/>\n<meta property=\"article:publisher\" content=\"https:\/\/www.facebook.com\/centervol.escueladepilotoshelicoptero?fref=ts\" \/>\n<script type=\"application\/ld+json\" class=\"yoast-schema-graph\">{\"@context\":\"https:\/\/schema.org\",\"@graph\":[{\"@type\":\"WebSite\",\"@id\":\"https:\/\/centervol.es\/#website\",\"url\":\"https:\/\/centervol.es\/\",\"name\":\"Centervol\",\"description\":\"Tu servicio FBO\",\"potentialAction\":[{\"@type\":\"SearchAction\",\"target\":{\"@type\":\"EntryPoint\",\"urlTemplate\":\"https:\/\/centervol.es\/?s={search_term_string}\"},\"query-input\":\"required name=search_term_string\"}],\"inLanguage\":\"ca\"},{\"@type\":\"WebPage\",\"@id\":\"https:\/\/centervol.es\/ca\/tramits\/#webpage\",\"url\":\"https:\/\/centervol.es\/ca\/tramits\/\",\"name\":\"TR\\u00c0MITS - Centervol\",\"isPartOf\":{\"@id\":\"https:\/\/centervol.es\/#website\"},\"datePublished\":\"2014-06-21T18:54:19+00:00\",\"dateModified\":\"2014-06-21T18:54:19+00:00\",\"breadcrumb\":{\"@id\":\"https:\/\/centervol.es\/ca\/tramits\/#breadcrumb\"},\"inLanguage\":\"ca\",\"potentialAction\":[{\"@type\":\"ReadAction\",\"target\":[\"https:\/\/centervol.es\/ca\/tramits\/\"]}]},{\"@type\":\"BreadcrumbList\",\"@id\":\"https:\/\/centervol.es\/ca\/tramits\/#breadcrumb\",\"itemListElement\":[{\"@type\":\"ListItem\",\"position\":1,\"name\":\"TR\\u00c0MITS\"}]}]}<\/script>\n<!-- \/ Yoast SEO plugin. -->","yoast_head_json":{"robots":{"index":"index","follow":"follow","max-snippet":"max-snippet:-1","max-image-preview":"max-image-preview:large","max-video-preview":"max-video-preview:-1"},"canonical":"https:\/\/centervol.es\/ca\/tramits\/","og_locale":"ca_ES","og_type":"article","og_title":"TR\u00c0MITS - Centervol","og_description":"CENTRES M\u00c8DIC ON REALITZAR EL RECONEIXEMENT: Centro de Instrucci\u00f3n de Medicina Aeroespacial (cima) (e-amc-1001) C. Arturo Soria, 82, Madrid, 28027 Telf: 91 410 13 00 Fax: 91 408 13 12 Diagnosis M\u00e9dica (e-amc-1006) http:\/\/www.creu-blanca.es C\u00f3rcega 345, Barcelona, 08037 Telf: 93 217 17 00","og_url":"https:\/\/centervol.es\/ca\/tramits\/","og_site_name":"Centervol","article_publisher":"https:\/\/www.facebook.com\/centervol.escueladepilotoshelicoptero?fref=ts","schema":{"@context":"https:\/\/schema.org","@graph":[{"@type":"WebSite","@id":"https:\/\/centervol.es\/#website","url":"https:\/\/centervol.es\/","name":"Centervol","description":"Tu servicio FBO","potentialAction":[{"@type":"SearchAction","target":{"@type":"EntryPoint","urlTemplate":"https:\/\/centervol.es\/?s={search_term_string}"},"query-input":"required name=search_term_string"}],"inLanguage":"ca"},{"@type":"WebPage","@id":"https:\/\/centervol.es\/ca\/tramits\/#webpage","url":"https:\/\/centervol.es\/ca\/tramits\/","name":"TR\u00c0MITS - Centervol","isPartOf":{"@id":"https:\/\/centervol.es\/#website"},"datePublished":"2014-06-21T18:54:19+00:00","dateModified":"2014-06-21T18:54:19+00:00","breadcrumb":{"@id":"https:\/\/centervol.es\/ca\/tramits\/#breadcrumb"},"inLanguage":"ca","potentialAction":[{"@type":"ReadAction","target":["https:\/\/centervol.es\/ca\/tramits\/"]}]},{"@type":"BreadcrumbList","@id":"https:\/\/centervol.es\/ca\/tramits\/#breadcrumb","itemListElement":[{"@type":"ListItem","position":1,"name":"TR\u00c0MITS"}]}]}},"_links":{"self":[{"href":"https:\/\/centervol.es\/wp-json\/wp\/v2\/pages\/1748"}],"collection":[{"href":"https:\/\/centervol.es\/wp-json\/wp\/v2\/pages"}],"about":[{"href":"https:\/\/centervol.es\/wp-json\/wp\/v2\/types\/page"}],"author":[{"embeddable":true,"href":"https:\/\/centervol.es\/wp-json\/wp\/v2\/users\/1"}],"replies":[{"embeddable":true,"href":"https:\/\/centervol.es\/wp-json\/wp\/v2\/comments?post=1748"}],"version-history":[{"count":1,"href":"https:\/\/centervol.es\/wp-json\/wp\/v2\/pages\/1748\/revisions"}],"predecessor-version":[{"id":1749,"href":"https:\/\/centervol.es\/wp-json\/wp\/v2\/pages\/1748\/revisions\/1749"}],"wp:attachment":[{"href":"https:\/\/centervol.es\/wp-json\/wp\/v2\/media?parent=1748"}],"curies":[{"name":"wp","href":"https:\/\/api.w.org\/{rel}","templated":true}]}}