{"id":1193,"date":"2013-09-28T19:32:25","date_gmt":"2013-09-28T19:32:25","guid":{"rendered":"http:\/\/centervol.es\/?page_id=1193"},"modified":"2013-10-01T16:43:40","modified_gmt":"2013-10-01T16:43:40","slug":"extincio-dincendis","status":"publish","type":"page","link":"https:\/\/centervol.es\/ca\/extincio-dincendis\/","title":{"rendered":"Extinci\u00f3 d\u2019incendis"},"content":{"rendered":"\n    <div id=\"amazingslider-11\" style=\"display:block;position:relative;margin:15px auto 30px;\">\n        <ul class=\"amazingslider-slides\" style=\"display:none;\">\n            <li><img src=\"http:\/\/centervol.es\/wp-content\/uploads\/amazingslider\/11\/images\/DSC_0037.jpg\" \/>            <\/li>\n            <li><img src=\"http:\/\/centervol.es\/wp-content\/uploads\/amazingslider\/11\/images\/P1010048.JPG\" \/>            <\/li>\n            <li><img src=\"http:\/\/centervol.es\/wp-content\/uploads\/amazingslider\/11\/images\/DSC_0039.jpg\" \/>            <\/li>\n            <li><img src=\"http:\/\/centervol.es\/wp-content\/uploads\/amazingslider\/11\/images\/BOMBERS 2.jpg\" \/>            <\/li>\n            <li><img src=\"http:\/\/centervol.es\/wp-content\/uploads\/amazingslider\/11\/images\/BOMBERS 1.jpg\" \/>            <\/li>\n            <li><img src=\"http:\/\/centervol.es\/wp-content\/uploads\/amazingslider\/11\/images\/16450_100922189932119_4231674_n.jpg\" \/>            <\/li>\n            <li><img src=\"http:\/\/centervol.es\/wp-content\/uploads\/amazingslider\/11\/images\/2556327768_b766f8e6a7_o.jpg\" \/>            <\/li>\n            <li><img src=\"http:\/\/centervol.es\/wp-content\/uploads\/amazingslider\/11\/images\/DSC_0038.jpg\" \/>            <\/li>\n        <\/ul>\n        <ul class=\"amazingslider-thumbnails\" style=\"display:none;\">\n            <li><img src=\"http:\/\/centervol.es\/wp-content\/uploads\/amazingslider\/11\/images\/thumbnails\/DSC_0037.jpg\" \/><\/li>\n            <li><img src=\"http:\/\/centervol.es\/wp-content\/uploads\/amazingslider\/11\/images\/thumbnails\/P1010048.JPG\" \/><\/li>\n            <li><img src=\"http:\/\/centervol.es\/wp-content\/uploads\/amazingslider\/11\/images\/thumbnails\/DSC_0039.jpg\" \/><\/li>\n            <li><img src=\"http:\/\/centervol.es\/wp-content\/uploads\/amazingslider\/11\/images\/thumbnails\/BOMBERS 2.jpg\" \/><\/li>\n            <li><img src=\"http:\/\/centervol.es\/wp-content\/uploads\/amazingslider\/11\/images\/thumbnails\/BOMBERS 1.jpg\" \/><\/li>\n            <li><img src=\"http:\/\/centervol.es\/wp-content\/uploads\/amazingslider\/11\/images\/thumbnails\/16450_100922189932119_4231674_n.jpg\" \/><\/li>\n            <li><img src=\"http:\/\/centervol.es\/wp-content\/uploads\/amazingslider\/11\/images\/thumbnails\/2556327768_b766f8e6a7_o.jpg\" \/><\/li>\n            <li><img src=\"http:\/\/centervol.es\/wp-content\/uploads\/amazingslider\/11\/images\/thumbnails\/DSC_0038.jpg\" \/><\/li>\n        <\/ul>\n        <div class=\"amazingslider-engine\" style=\"display:none;\"><a href=\"http:\/\/www.amazingslider.com\">jQuery Slider<\/a><\/div>\n    <\/div>\n    <script src=\"https:\/\/centervol.es\/wp-content\/uploads\/amazingslider\/11\/sliderengine\/initslider.js\"><\/script>\n\n<p>&nbsp;<\/p>\n<p style=\"text-align: center;\">\n<p>Llan\u00e7ament  d&#8217;aigua amb helic\u00f2pter:<br \/>\n&#8211; Extinci\u00f3 d&#8217;Incendis amb Helic\u00f2pters que Transportin \/ llancin aigua, MITJAN\u00c7ANT helibaldes, Dip\u00f2sits ventrals, etc ..<\/p>\n","protected":false},"excerpt":{"rendered":"<p>&nbsp; Llan\u00e7ament d&#8217;aigua amb helic\u00f2pter: &#8211; Extinci\u00f3 d&#8217;Incendis amb Helic\u00f2pters que Transportin \/ llancin aigua, MITJAN\u00c7ANT helibaldes, Dip\u00f2sits ventrals, etc ..<\/p>\n","protected":false},"author":1,"featured_media":0,"parent":0,"menu_order":0,"comment_status":"closed","ping_status":"closed","template":"","meta":{"_locale":"ca","_original_post":"437"},"acf":[],"yoast_head":"<!-- This site is optimized with the Yoast SEO plugin v17.0 - https:\/\/yoast.com\/wordpress\/plugins\/seo\/ -->\n<meta name=\"robots\" content=\"index, follow, max-snippet:-1, max-image-preview:large, max-video-preview:-1\" \/>\n<link rel=\"canonical\" href=\"https:\/\/centervol.es\/ca\/extincio-dincendis\/\" \/>\n<meta property=\"og:locale\" content=\"ca_ES\" \/>\n<meta property=\"og:type\" content=\"article\" \/>\n<meta property=\"og:title\" content=\"Extinci\u00f3 d\u2019incendis - Centervol\" \/>\n<meta property=\"og:description\" content=\"&nbsp; Llan\u00e7ament d&#8217;aigua amb helic\u00f2pter: &#8211; Extinci\u00f3 d&#8217;Incendis amb Helic\u00f2pters que Transportin \/ llancin aigua, MITJAN\u00c7ANT helibaldes, Dip\u00f2sits ventrals, etc ..\" \/>\n<meta property=\"og:url\" content=\"https:\/\/centervol.es\/ca\/extincio-dincendis\/\" \/>\n<meta property=\"og:site_name\" content=\"Centervol\" \/>\n<meta property=\"article:publisher\" content=\"https:\/\/www.facebook.com\/centervol.escueladepilotoshelicoptero?fref=ts\" \/>\n<meta property=\"article:modified_time\" content=\"2013-10-01T16:43:40+00:00\" \/>\n<script type=\"application\/ld+json\" class=\"yoast-schema-graph\">{\"@context\":\"https:\/\/schema.org\",\"@graph\":[{\"@type\":\"WebSite\",\"@id\":\"https:\/\/centervol.es\/#website\",\"url\":\"https:\/\/centervol.es\/\",\"name\":\"Centervol\",\"description\":\"Tu servicio FBO\",\"potentialAction\":[{\"@type\":\"SearchAction\",\"target\":{\"@type\":\"EntryPoint\",\"urlTemplate\":\"https:\/\/centervol.es\/?s={search_term_string}\"},\"query-input\":\"required name=search_term_string\"}],\"inLanguage\":\"ca\"},{\"@type\":\"WebPage\",\"@id\":\"https:\/\/centervol.es\/ca\/extincio-dincendis\/#webpage\",\"url\":\"https:\/\/centervol.es\/ca\/extincio-dincendis\/\",\"name\":\"Extinci\\u00f3 d\\u2019incendis - Centervol\",\"isPartOf\":{\"@id\":\"https:\/\/centervol.es\/#website\"},\"datePublished\":\"2013-09-28T19:32:25+00:00\",\"dateModified\":\"2013-10-01T16:43:40+00:00\",\"breadcrumb\":{\"@id\":\"https:\/\/centervol.es\/ca\/extincio-dincendis\/#breadcrumb\"},\"inLanguage\":\"ca\",\"potentialAction\":[{\"@type\":\"ReadAction\",\"target\":[\"https:\/\/centervol.es\/ca\/extincio-dincendis\/\"]}]},{\"@type\":\"BreadcrumbList\",\"@id\":\"https:\/\/centervol.es\/ca\/extincio-dincendis\/#breadcrumb\",\"itemListElement\":[{\"@type\":\"ListItem\",\"position\":1,\"name\":\"Extinci\\u00f3 d\\u2019incendis\"}]}]}<\/script>\n<!-- \/ Yoast SEO plugin. -->","yoast_head_json":{"robots":{"index":"index","follow":"follow","max-snippet":"max-snippet:-1","max-image-preview":"max-image-preview:large","max-video-preview":"max-video-preview:-1"},"canonical":"https:\/\/centervol.es\/ca\/extincio-dincendis\/","og_locale":"ca_ES","og_type":"article","og_title":"Extinci\u00f3 d\u2019incendis - Centervol","og_description":"&nbsp; Llan\u00e7ament d&#8217;aigua amb helic\u00f2pter: &#8211; Extinci\u00f3 d&#8217;Incendis amb Helic\u00f2pters que Transportin \/ llancin aigua, MITJAN\u00c7ANT helibaldes, Dip\u00f2sits ventrals, etc ..","og_url":"https:\/\/centervol.es\/ca\/extincio-dincendis\/","og_site_name":"Centervol","article_publisher":"https:\/\/www.facebook.com\/centervol.escueladepilotoshelicoptero?fref=ts","article_modified_time":"2013-10-01T16:43:40+00:00","schema":{"@context":"https:\/\/schema.org","@graph":[{"@type":"WebSite","@id":"https:\/\/centervol.es\/#website","url":"https:\/\/centervol.es\/","name":"Centervol","description":"Tu servicio FBO","potentialAction":[{"@type":"SearchAction","target":{"@type":"EntryPoint","urlTemplate":"https:\/\/centervol.es\/?s={search_term_string}"},"query-input":"required name=search_term_string"}],"inLanguage":"ca"},{"@type":"WebPage","@id":"https:\/\/centervol.es\/ca\/extincio-dincendis\/#webpage","url":"https:\/\/centervol.es\/ca\/extincio-dincendis\/","name":"Extinci\u00f3 d\u2019incendis - Centervol","isPartOf":{"@id":"https:\/\/centervol.es\/#website"},"datePublished":"2013-09-28T19:32:25+00:00","dateModified":"2013-10-01T16:43:40+00:00","breadcrumb":{"@id":"https:\/\/centervol.es\/ca\/extincio-dincendis\/#breadcrumb"},"inLanguage":"ca","potentialAction":[{"@type":"ReadAction","target":["https:\/\/centervol.es\/ca\/extincio-dincendis\/"]}]},{"@type":"BreadcrumbList","@id":"https:\/\/centervol.es\/ca\/extincio-dincendis\/#breadcrumb","itemListElement":[{"@type":"ListItem","position":1,"name":"Extinci\u00f3 d\u2019incendis"}]}]}},"_links":{"self":[{"href":"https:\/\/centervol.es\/wp-json\/wp\/v2\/pages\/1193"}],"collection":[{"href":"https:\/\/centervol.es\/wp-json\/wp\/v2\/pages"}],"about":[{"href":"https:\/\/centervol.es\/wp-json\/wp\/v2\/types\/page"}],"author":[{"embeddable":true,"href":"https:\/\/centervol.es\/wp-json\/wp\/v2\/users\/1"}],"replies":[{"embeddable":true,"href":"https:\/\/centervol.es\/wp-json\/wp\/v2\/comments?post=1193"}],"version-history":[{"count":3,"href":"https:\/\/centervol.es\/wp-json\/wp\/v2\/pages\/1193\/revisions"}],"predecessor-version":[{"id":1263,"href":"https:\/\/centervol.es\/wp-json\/wp\/v2\/pages\/1193\/revisions\/1263"}],"wp:attachment":[{"href":"https:\/\/centervol.es\/wp-json\/wp\/v2\/media?parent=1193"}],"curies":[{"name":"wp","href":"https:\/\/api.w.org\/{rel}","templated":true}]}}