{"id":1066,"date":"2013-09-23T15:36:37","date_gmt":"2013-09-23T15:36:37","guid":{"rendered":"http:\/\/centervol.es\/?page_id=1066"},"modified":"2020-10-21T08:05:27","modified_gmt":"2020-10-21T08:05:27","slug":"viu-a-la-costa-brava","status":"publish","type":"page","link":"https:\/\/centervol.es\/ca\/viu-a-la-costa-brava\/","title":{"rendered":"Viure a la Costa Brava"},"content":{"rendered":"\n    <div id=\"amazingslider-1\" style=\"display:block;position:relative;margin:16px auto 86px;\">\n        <ul class=\"amazingslider-slides\" style=\"display:none;\">\n            <li><img src=\"http:\/\/centervol.es\/wp-content\/uploads\/amazingslider\/1\/images\/01.jpg\" alt=\"01\" \/><\/li>\n            <li><img src=\"http:\/\/centervol.es\/wp-content\/uploads\/amazingslider\/1\/images\/02.jpg\" alt=\"02\" \/><\/li>\n            <li><img src=\"http:\/\/centervol.es\/wp-content\/uploads\/amazingslider\/1\/images\/03.jpg\" alt=\"03\" \/><\/li>\n            <li><img src=\"http:\/\/centervol.es\/wp-content\/uploads\/amazingslider\/1\/images\/04.jpg\" alt=\"04\" \/><\/li>\n            <li><img src=\"http:\/\/centervol.es\/wp-content\/uploads\/amazingslider\/1\/images\/05.jpg\" alt=\"05\" \/><\/li>\n            <li><img src=\"http:\/\/centervol.es\/wp-content\/uploads\/amazingslider\/1\/images\/06.jpg\" alt=\"06\" \/><\/li>\n            <li><img src=\"http:\/\/centervol.es\/wp-content\/uploads\/amazingslider\/1\/images\/07.jpg\" alt=\"07\" \/><\/li>\n            <li><img src=\"http:\/\/centervol.es\/wp-content\/uploads\/amazingslider\/1\/images\/08.jpg\" alt=\"08\" \/><\/li>\n            <li><img src=\"http:\/\/centervol.es\/wp-content\/uploads\/amazingslider\/1\/images\/09.jpg\" alt=\"09\" \/><\/li>\n            <li><img src=\"http:\/\/centervol.es\/wp-content\/uploads\/amazingslider\/1\/images\/10.jpg\" alt=\"10\" \/><\/li>\n            <li><img src=\"http:\/\/centervol.es\/wp-content\/uploads\/amazingslider\/1\/images\/11.jpg\" alt=\"11\" \/><\/li>\n            <li><img src=\"http:\/\/centervol.es\/wp-content\/uploads\/amazingslider\/1\/images\/12.jpg\" alt=\"12\" \/><\/li>\n            <li><img src=\"http:\/\/centervol.es\/wp-content\/uploads\/amazingslider\/1\/images\/13.jpg\" alt=\"13\" \/><\/li>\n            <li><img src=\"http:\/\/centervol.es\/wp-content\/uploads\/amazingslider\/1\/images\/14.jpg\" alt=\"14\" \/><\/li>\n            <li><img src=\"http:\/\/centervol.es\/wp-content\/uploads\/amazingslider\/1\/images\/Vivir-en-CB.jpg\" alt=\"vivir-en-costa-brava\" \/><\/li>\n        <\/ul>\n        <ul class=\"amazingslider-thumbnails\" style=\"display:none;\">\n            <li><img src=\"http:\/\/centervol.es\/wp-content\/uploads\/amazingslider\/1\/images\/thumbnails\/01-tn.jpg\" \/><\/li>\n            <li><img src=\"http:\/\/centervol.es\/wp-content\/uploads\/amazingslider\/1\/images\/thumbnails\/02-tn.jpg\" \/><\/li>\n            <li><img src=\"http:\/\/centervol.es\/wp-content\/uploads\/amazingslider\/1\/images\/thumbnails\/03-tn.jpg\" \/><\/li>\n            <li><img src=\"http:\/\/centervol.es\/wp-content\/uploads\/amazingslider\/1\/images\/thumbnails\/04-tn.jpg\" \/><\/li>\n            <li><img src=\"http:\/\/centervol.es\/wp-content\/uploads\/amazingslider\/1\/images\/thumbnails\/05-tn.jpg\" \/><\/li>\n            <li><img src=\"http:\/\/centervol.es\/wp-content\/uploads\/amazingslider\/1\/images\/thumbnails\/06-tn.jpg\" \/><\/li>\n            <li><img src=\"http:\/\/centervol.es\/wp-content\/uploads\/amazingslider\/1\/images\/thumbnails\/07-tn.jpg\" \/><\/li>\n            <li><img src=\"http:\/\/centervol.es\/wp-content\/uploads\/amazingslider\/1\/images\/thumbnails\/08-tn.jpg\" \/><\/li>\n            <li><img src=\"http:\/\/centervol.es\/wp-content\/uploads\/amazingslider\/1\/images\/thumbnails\/09-tn.jpg\" \/><\/li>\n            <li><img src=\"http:\/\/centervol.es\/wp-content\/uploads\/amazingslider\/1\/images\/thumbnails\/10-tn.jpg\" \/><\/li>\n            <li><img src=\"http:\/\/centervol.es\/wp-content\/uploads\/amazingslider\/1\/images\/thumbnails\/11-tn.jpg\" \/><\/li>\n            <li><img src=\"http:\/\/centervol.es\/wp-content\/uploads\/amazingslider\/1\/images\/thumbnails\/12-tn.jpg\" \/><\/li>\n            <li><img src=\"http:\/\/centervol.es\/wp-content\/uploads\/amazingslider\/1\/images\/thumbnails\/13-tn.jpg\" \/><\/li>\n            <li><img src=\"http:\/\/centervol.es\/wp-content\/uploads\/amazingslider\/1\/images\/thumbnails\/14-tn.jpg\" \/><\/li>\n            <li><img src=\"http:\/\/centervol.es\/wp-content\/uploads\/amazingslider\/1\/images\/thumbnails\/Vivir-en-CB-tn.jpg\" \/><\/li>\n        <\/ul>\n        <div class=\"amazingslider-engine\" style=\"display:none;\"><a href=\"http:\/\/amazingslider.com\">JavaScript Slider<\/a><\/div>\n        <div class=\"amazingslider-engine\" style=\"display:none;\"><a href=\"http:\/\/amazingslider.com\">WordPress Slideshow<\/a><\/div>\n    <\/div>\n    <script src=\"https:\/\/centervol.es\/wp-content\/uploads\/amazingslider\/1\/sliderengine\/initslider.js\"><\/script>\n\n<div class=\"texto_pagina_sin\">\n<p class=\"texto_interior\">Viure a Girona i la Costa Brava \u00e9s tenir el privilegi de gaudir d\u2019un dels llocs m\u00e9s bonics del m\u00f3n, entre els l\u00edmits que marquen el Mediterrani i els Pirineus. La meteorologia \u00e9s un altre dels factors essencials: 16\u00ba de temperatura mitja anual, amb precipitacions moderades, i 300 dies de sol al any, ideal per garantitzar un desenvolupament continuat del curs.<\/p>\n<p class=\"texto_interior\">I per quan hi hagi una mica de temps lliure hi ha molt m\u00e9s. Els m\u00e9s de 200 kil\u00f2metres de costa s\u00f3n famoses per les grans acantilats, les petites cales verges i les grans platges de sorra que cada any atrauen millons de visitants. Per\u00f2 Girona no \u00e9s nom\u00e9s platja sino tamb\u00e9 muntanya.<\/p>\n<p class=\"texto_interior\">Al llarg de la serra dels Pirineus es troben paratges realment \u00fanics, grans parcs naturals i la possibilitat de practicar esporta d\u2019aventura i d\u2019hivern, com l\u2019esqu\u00ed.<\/p>\n<\/div>\n<div class=\"texto_pagina_sin\">\n<p class=\"texto_interior\">Li agrada menjar b\u00e9? Aquest \u00e9s el lloc ideal. La passi\u00f3 per la cuina es viu a cada rac\u00f3 i aqu\u00ed la gastronomia ha iniciat una de les seves revolucions m\u00e9s famoses, comen\u00e7ant per en Ferran Adri\u00e0 i el Celler de Can Roca. Per aix\u00f2 no \u00e9s casualitat que els restaurants de Girona acumulen m\u00e9s de 20 estrelles Michelin.<\/p>\n<p class=\"texto_interior\">M\u00e9s cultura, encara? Girona \u00e9s el bressol de civilitzacions mil\u00b7len\u00e0ries, com la romana on es poden visitar entre altres el mateix centre hist\u00f2ric de Girona, la Ciutadella de Roses o les ru\u00efnes d\u2019Emp\u00faries. A aquestes terres, tamb\u00e9 ha crescut un dels artistes m\u00e9s importants del segle XX, Salvador Dal\u00ed, on es pot contemplar la seva genial obra al museu de Figueres i la casa a Port lligat.<\/p>\n<p class=\"texto_interior\">I pels amants del m\u00f3n del motor, molt proper del Aeroport est\u00e0 el circuit de Montmel\u00f3, visita obligada pels entusiastes de la F\u00f3rmula 1 i dels mundials de motociclisme. I si tot aix\u00f2 no \u00e9s suficient, no s\u2019ha d\u2019oblidar Barcelona, una de les ciutats europees amb m\u00e9s<br \/>\nprojecci\u00f3 mundial i que est\u00e0 a tan sols una hora en tren o cotxe.<\/p>\n<\/div>\n<p>&nbsp;<\/p>\n<p><a href=\"https:\/\/centervol.es\/ca\/#contacte\">\u00a0<\/a><\/p>\n<p style=\"text-align: center;\">Per qualsevol dubte o necessitat de trasllat o allotjament a la zona, no<br \/>\ndubti en contactar amb nosaltres!<\/p>\n","protected":false},"excerpt":{"rendered":"<p>Viure a Girona i la Costa Brava \u00e9s tenir el privilegi de gaudir d\u2019un dels llocs m\u00e9s bonics del m\u00f3n, entre els l\u00edmits que marquen el Mediterrani i els Pirineus. La meteorologia \u00e9s un altre dels factors essencials: 16\u00ba de temperatura mitja anual, amb precipitacions moderades, i 300 dies de sol al any, ideal per [&hellip;]<\/p>\n","protected":false},"author":1,"featured_media":0,"parent":0,"menu_order":0,"comment_status":"closed","ping_status":"closed","template":"","meta":{"_locale":"ca","_original_post":"351"},"acf":[],"yoast_head":"<!-- This site is optimized with the Yoast SEO plugin v17.0 - https:\/\/yoast.com\/wordpress\/plugins\/seo\/ -->\n<meta name=\"robots\" content=\"index, follow, max-snippet:-1, max-image-preview:large, max-video-preview:-1\" \/>\n<link rel=\"canonical\" href=\"https:\/\/centervol.es\/ca\/viu-a-la-costa-brava\/\" \/>\n<meta property=\"og:locale\" content=\"ca_ES\" \/>\n<meta property=\"og:type\" content=\"article\" \/>\n<meta property=\"og:title\" content=\"Viure a la Costa Brava - Centervol\" \/>\n<meta property=\"og:description\" content=\"Viure a Girona i la Costa Brava \u00e9s tenir el privilegi de gaudir d\u2019un dels llocs m\u00e9s bonics del m\u00f3n, entre els l\u00edmits que marquen el Mediterrani i els Pirineus. La meteorologia \u00e9s un altre dels factors essencials: 16\u00ba de temperatura mitja anual, amb precipitacions moderades, i 300 dies de sol al any, ideal per [&hellip;]\" \/>\n<meta property=\"og:url\" content=\"https:\/\/centervol.es\/ca\/viu-a-la-costa-brava\/\" \/>\n<meta property=\"og:site_name\" content=\"Centervol\" \/>\n<meta property=\"article:publisher\" content=\"https:\/\/www.facebook.com\/centervol.escueladepilotoshelicoptero?fref=ts\" \/>\n<meta property=\"article:modified_time\" content=\"2020-10-21T08:05:27+00:00\" \/>\n<meta name=\"twitter:label1\" content=\"Temps estimat de lectura\" \/>\n\t<meta name=\"twitter:data1\" content=\"2 minuts\" \/>\n<script type=\"application\/ld+json\" class=\"yoast-schema-graph\">{\"@context\":\"https:\/\/schema.org\",\"@graph\":[{\"@type\":\"WebSite\",\"@id\":\"https:\/\/centervol.es\/#website\",\"url\":\"https:\/\/centervol.es\/\",\"name\":\"Centervol\",\"description\":\"Tu servicio FBO\",\"potentialAction\":[{\"@type\":\"SearchAction\",\"target\":{\"@type\":\"EntryPoint\",\"urlTemplate\":\"https:\/\/centervol.es\/?s={search_term_string}\"},\"query-input\":\"required name=search_term_string\"}],\"inLanguage\":\"ca\"},{\"@type\":\"WebPage\",\"@id\":\"https:\/\/centervol.es\/ca\/viu-a-la-costa-brava\/#webpage\",\"url\":\"https:\/\/centervol.es\/ca\/viu-a-la-costa-brava\/\",\"name\":\"Viure a la Costa Brava - Centervol\",\"isPartOf\":{\"@id\":\"https:\/\/centervol.es\/#website\"},\"datePublished\":\"2013-09-23T15:36:37+00:00\",\"dateModified\":\"2020-10-21T08:05:27+00:00\",\"breadcrumb\":{\"@id\":\"https:\/\/centervol.es\/ca\/viu-a-la-costa-brava\/#breadcrumb\"},\"inLanguage\":\"ca\",\"potentialAction\":[{\"@type\":\"ReadAction\",\"target\":[\"https:\/\/centervol.es\/ca\/viu-a-la-costa-brava\/\"]}]},{\"@type\":\"BreadcrumbList\",\"@id\":\"https:\/\/centervol.es\/ca\/viu-a-la-costa-brava\/#breadcrumb\",\"itemListElement\":[{\"@type\":\"ListItem\",\"position\":1,\"name\":\"Viure a la Costa Brava\"}]}]}<\/script>\n<!-- \/ Yoast SEO plugin. -->","yoast_head_json":{"robots":{"index":"index","follow":"follow","max-snippet":"max-snippet:-1","max-image-preview":"max-image-preview:large","max-video-preview":"max-video-preview:-1"},"canonical":"https:\/\/centervol.es\/ca\/viu-a-la-costa-brava\/","og_locale":"ca_ES","og_type":"article","og_title":"Viure a la Costa Brava - Centervol","og_description":"Viure a Girona i la Costa Brava \u00e9s tenir el privilegi de gaudir d\u2019un dels llocs m\u00e9s bonics del m\u00f3n, entre els l\u00edmits que marquen el Mediterrani i els Pirineus. La meteorologia \u00e9s un altre dels factors essencials: 16\u00ba de temperatura mitja anual, amb precipitacions moderades, i 300 dies de sol al any, ideal per [&hellip;]","og_url":"https:\/\/centervol.es\/ca\/viu-a-la-costa-brava\/","og_site_name":"Centervol","article_publisher":"https:\/\/www.facebook.com\/centervol.escueladepilotoshelicoptero?fref=ts","article_modified_time":"2020-10-21T08:05:27+00:00","twitter_misc":{"Temps estimat de lectura":"2 minuts"},"schema":{"@context":"https:\/\/schema.org","@graph":[{"@type":"WebSite","@id":"https:\/\/centervol.es\/#website","url":"https:\/\/centervol.es\/","name":"Centervol","description":"Tu servicio FBO","potentialAction":[{"@type":"SearchAction","target":{"@type":"EntryPoint","urlTemplate":"https:\/\/centervol.es\/?s={search_term_string}"},"query-input":"required name=search_term_string"}],"inLanguage":"ca"},{"@type":"WebPage","@id":"https:\/\/centervol.es\/ca\/viu-a-la-costa-brava\/#webpage","url":"https:\/\/centervol.es\/ca\/viu-a-la-costa-brava\/","name":"Viure a la Costa Brava - Centervol","isPartOf":{"@id":"https:\/\/centervol.es\/#website"},"datePublished":"2013-09-23T15:36:37+00:00","dateModified":"2020-10-21T08:05:27+00:00","breadcrumb":{"@id":"https:\/\/centervol.es\/ca\/viu-a-la-costa-brava\/#breadcrumb"},"inLanguage":"ca","potentialAction":[{"@type":"ReadAction","target":["https:\/\/centervol.es\/ca\/viu-a-la-costa-brava\/"]}]},{"@type":"BreadcrumbList","@id":"https:\/\/centervol.es\/ca\/viu-a-la-costa-brava\/#breadcrumb","itemListElement":[{"@type":"ListItem","position":1,"name":"Viure a la Costa Brava"}]}]}},"_links":{"self":[{"href":"https:\/\/centervol.es\/wp-json\/wp\/v2\/pages\/1066"}],"collection":[{"href":"https:\/\/centervol.es\/wp-json\/wp\/v2\/pages"}],"about":[{"href":"https:\/\/centervol.es\/wp-json\/wp\/v2\/types\/page"}],"author":[{"embeddable":true,"href":"https:\/\/centervol.es\/wp-json\/wp\/v2\/users\/1"}],"replies":[{"embeddable":true,"href":"https:\/\/centervol.es\/wp-json\/wp\/v2\/comments?post=1066"}],"version-history":[{"count":9,"href":"https:\/\/centervol.es\/wp-json\/wp\/v2\/pages\/1066\/revisions"}],"predecessor-version":[{"id":22546,"href":"https:\/\/centervol.es\/wp-json\/wp\/v2\/pages\/1066\/revisions\/22546"}],"wp:attachment":[{"href":"https:\/\/centervol.es\/wp-json\/wp\/v2\/media?parent=1066"}],"curies":[{"name":"wp","href":"https:\/\/api.w.org\/{rel}","templated":true}]}}